{"id":18504,"date":"2024-08-07T15:03:40","date_gmt":"2024-08-07T18:03:40","guid":{"rendered":"https:\/\/adonaiquimica.com.br\/?page_id=18504"},"modified":"2025-12-19T08:56:23","modified_gmt":"2025-12-19T11:56:23","slug":"politicas-corporativas-do-grupo-aba-infra","status":"publish","type":"page","link":"https:\/\/adonaiquimica.com.br\/adonai\/politicas-corporativas-do-grupo-aba-infra\/","title":{"rendered":"Pol\u00edticas Corporativas do Grupo ABA Infra"},"content":{"rendered":"\t\t<div data-elementor-type=\"wp-page\" data-elementor-id=\"18504\" class=\"elementor elementor-18504\" data-elementor-post-type=\"page\">\n\t\t\t\t\t\t<section class=\"elementor-section elementor-top-section elementor-element elementor-element-4a1d98c elementor-section-boxed elementor-section-height-default elementor-section-height-default\" data-id=\"4a1d98c\" data-element_type=\"section\">\n\t\t\t\t\t\t<div class=\"elementor-container elementor-column-gap-default\">\n\t\t\t\t\t<div class=\"elementor-column elementor-col-25 elementor-top-column elementor-element elementor-element-5dff88f\" data-id=\"5dff88f\" data-element_type=\"column\">\n\t\t\t<div class=\"elementor-widget-wrap elementor-element-populated\">\n\t\t\t\t\t\t<div class=\"elementor-element elementor-element-7355e20 elementor-view-default elementor-widget elementor-widget-icon\" data-id=\"7355e20\" data-element_type=\"widget\" data-widget_type=\"icon.default\">\n\t\t\t\t<div class=\"elementor-widget-container\">\n\t\t\t\t\t<div class=\"elementor-icon-wrapper\">\n\t\t\t<div class=\"elementor-icon\">\n\t\t\t<i aria-hidden=\"true\" class=\"far fa-file-alt\"><\/i>\t\t\t<\/div>\n\t\t<\/div>\n\t\t\t\t<\/div>\n\t\t\t\t<\/div>\n\t\t\t\t<div class=\"elementor-element elementor-element-d06c1a2 elementor-align-justify elementor-widget elementor-widget-button\" data-id=\"d06c1a2\" data-element_type=\"widget\" data-widget_type=\"button.default\">\n\t\t\t\t<div class=\"elementor-widget-container\">\n\t\t\t\t\t<div class=\"elementor-button-wrapper\">\n\t\t\t<a class=\"elementor-button elementor-button-link elementor-size-lg\" href=\"https:\/\/adonaiquimica.com.br\/adonai\/wp-content\/uploads\/2024\/08\/POL.COR_.001-Politica-de-Compras-Sustentavel_rev.01.pdf\">\n\t\t\t\t\t\t<span class=\"elementor-button-content-wrapper\">\n\t\t\t\t\t\t<span class=\"elementor-button-text\">Pol\u00edtica de Compras Sustent\u00e1vel<\/span>\n\t\t<\/span>\n\t\t\t\t\t<\/a>\n\t\t<\/div>\n\t\t\t\t<\/div>\n\t\t\t\t<\/div>\n\t\t\t\t\t<\/div>\n\t\t<\/div>\n\t\t\t\t<div class=\"elementor-column elementor-col-25 elementor-top-column elementor-element elementor-element-ca86d91\" data-id=\"ca86d91\" data-element_type=\"column\">\n\t\t\t<div class=\"elementor-widget-wrap elementor-element-populated\">\n\t\t\t\t\t\t<div class=\"elementor-element elementor-element-1b2d831 elementor-view-default elementor-widget elementor-widget-icon\" data-id=\"1b2d831\" data-element_type=\"widget\" data-widget_type=\"icon.default\">\n\t\t\t\t<div class=\"elementor-widget-container\">\n\t\t\t\t\t<div class=\"elementor-icon-wrapper\">\n\t\t\t<div class=\"elementor-icon\">\n\t\t\t<i aria-hidden=\"true\" class=\"far fa-file-alt\"><\/i>\t\t\t<\/div>\n\t\t<\/div>\n\t\t\t\t<\/div>\n\t\t\t\t<\/div>\n\t\t\t\t<div class=\"elementor-element elementor-element-9af2f29 elementor-align-justify elementor-widget elementor-widget-button\" data-id=\"9af2f29\" data-element_type=\"widget\" data-widget_type=\"button.default\">\n\t\t\t\t<div class=\"elementor-widget-container\">\n\t\t\t\t\t<div class=\"elementor-button-wrapper\">\n\t\t\t<a class=\"elementor-button elementor-button-link elementor-size-lg\" href=\"https:\/\/adonaiquimica.com.br\/adonai\/wp-content\/uploads\/2024\/08\/POL.COR_.002-Politica-de-Recebimento-e-Oferecimento-de-Brindes-Presentes-e-Hospitalidades_rev01.pdf\">\n\t\t\t\t\t\t<span class=\"elementor-button-content-wrapper\">\n\t\t\t\t\t\t<span class=\"elementor-button-text\">Politica de Recebimento e Oferecimento de Brindes Presentes e Hospitalidades<\/span>\n\t\t<\/span>\n\t\t\t\t\t<\/a>\n\t\t<\/div>\n\t\t\t\t<\/div>\n\t\t\t\t<\/div>\n\t\t\t\t\t<\/div>\n\t\t<\/div>\n\t\t\t\t<div class=\"elementor-column elementor-col-25 elementor-top-column elementor-element elementor-element-d4f71c5\" data-id=\"d4f71c5\" data-element_type=\"column\">\n\t\t\t<div class=\"elementor-widget-wrap elementor-element-populated\">\n\t\t\t\t\t\t<div class=\"elementor-element elementor-element-de104e4 elementor-view-default elementor-widget elementor-widget-icon\" data-id=\"de104e4\" data-element_type=\"widget\" data-widget_type=\"icon.default\">\n\t\t\t\t<div class=\"elementor-widget-container\">\n\t\t\t\t\t<div class=\"elementor-icon-wrapper\">\n\t\t\t<div class=\"elementor-icon\">\n\t\t\t<i aria-hidden=\"true\" class=\"far fa-file-alt\"><\/i>\t\t\t<\/div>\n\t\t<\/div>\n\t\t\t\t<\/div>\n\t\t\t\t<\/div>\n\t\t\t\t<div class=\"elementor-element elementor-element-99fb072 elementor-align-justify elementor-widget elementor-widget-button\" data-id=\"99fb072\" data-element_type=\"widget\" data-widget_type=\"button.default\">\n\t\t\t\t<div class=\"elementor-widget-container\">\n\t\t\t\t\t<div class=\"elementor-button-wrapper\">\n\t\t\t<a class=\"elementor-button elementor-button-link elementor-size-lg\" href=\"https:\/\/adonaiquimica.com.br\/adonai\/wp-content\/uploads\/2024\/08\/POL.COR_.003-Politica-Diversidade-e-Inclusao_rev.02.pdf\">\n\t\t\t\t\t\t<span class=\"elementor-button-content-wrapper\">\n\t\t\t\t\t\t<span class=\"elementor-button-text\">Politica Diversidade e Inclus\u00e3o<\/span>\n\t\t<\/span>\n\t\t\t\t\t<\/a>\n\t\t<\/div>\n\t\t\t\t<\/div>\n\t\t\t\t<\/div>\n\t\t\t\t\t<\/div>\n\t\t<\/div>\n\t\t\t\t<div class=\"elementor-column elementor-col-25 elementor-top-column elementor-element elementor-element-fd8c95d\" data-id=\"fd8c95d\" data-element_type=\"column\">\n\t\t\t<div class=\"elementor-widget-wrap elementor-element-populated\">\n\t\t\t\t\t\t<div class=\"elementor-element elementor-element-6aacf09 elementor-view-default elementor-widget elementor-widget-icon\" data-id=\"6aacf09\" data-element_type=\"widget\" data-widget_type=\"icon.default\">\n\t\t\t\t<div class=\"elementor-widget-container\">\n\t\t\t\t\t<div class=\"elementor-icon-wrapper\">\n\t\t\t<div class=\"elementor-icon\">\n\t\t\t<i aria-hidden=\"true\" class=\"far fa-file-alt\"><\/i>\t\t\t<\/div>\n\t\t<\/div>\n\t\t\t\t<\/div>\n\t\t\t\t<\/div>\n\t\t\t\t<div class=\"elementor-element elementor-element-15dc390 elementor-align-justify elementor-widget elementor-widget-button\" data-id=\"15dc390\" data-element_type=\"widget\" data-widget_type=\"button.default\">\n\t\t\t\t<div class=\"elementor-widget-container\">\n\t\t\t\t\t<div class=\"elementor-button-wrapper\">\n\t\t\t<a class=\"elementor-button elementor-button-link elementor-size-lg\" href=\"https:\/\/adonaiquimica.com.br\/adonai\/wp-content\/uploads\/2024\/08\/POL.COR_.004-Politica-de-Educacao-Corporativa_rev.00.pdf\">\n\t\t\t\t\t\t<span class=\"elementor-button-content-wrapper\">\n\t\t\t\t\t\t<span class=\"elementor-button-text\">Pol\u00edtica de Educa\u00e7\u00e3o Corporativa<\/span>\n\t\t<\/span>\n\t\t\t\t\t<\/a>\n\t\t<\/div>\n\t\t\t\t<\/div>\n\t\t\t\t<\/div>\n\t\t\t\t\t<\/div>\n\t\t<\/div>\n\t\t\t\t\t<\/div>\n\t\t<\/section>\n\t\t\t\t<section class=\"elementor-section elementor-top-section elementor-element elementor-element-b9d917b elementor-section-boxed elementor-section-height-default elementor-section-height-default\" data-id=\"b9d917b\" data-element_type=\"section\">\n\t\t\t\t\t\t<div class=\"elementor-container elementor-column-gap-default\">\n\t\t\t\t\t<div class=\"elementor-column elementor-col-25 elementor-top-column elementor-element elementor-element-8440544\" data-id=\"8440544\" data-element_type=\"column\">\n\t\t\t<div class=\"elementor-widget-wrap elementor-element-populated\">\n\t\t\t\t\t\t<div class=\"elementor-element elementor-element-076c927 elementor-view-default elementor-widget elementor-widget-icon\" data-id=\"076c927\" data-element_type=\"widget\" data-widget_type=\"icon.default\">\n\t\t\t\t<div class=\"elementor-widget-container\">\n\t\t\t\t\t<div class=\"elementor-icon-wrapper\">\n\t\t\t<div class=\"elementor-icon\">\n\t\t\t<i aria-hidden=\"true\" class=\"far fa-file-alt\"><\/i>\t\t\t<\/div>\n\t\t<\/div>\n\t\t\t\t<\/div>\n\t\t\t\t<\/div>\n\t\t\t\t<div class=\"elementor-element elementor-element-6d4eafd elementor-align-justify elementor-widget elementor-widget-button\" data-id=\"6d4eafd\" data-element_type=\"widget\" data-widget_type=\"button.default\">\n\t\t\t\t<div class=\"elementor-widget-container\">\n\t\t\t\t\t<div class=\"elementor-button-wrapper\">\n\t\t\t<a class=\"elementor-button elementor-button-link elementor-size-lg\" href=\"https:\/\/adonaiquimica.com.br\/adonai\/wp-content\/uploads\/2024\/08\/POL.COR_.005-Politica-de-Comunicacao_rev.00.pdf\">\n\t\t\t\t\t\t<span class=\"elementor-button-content-wrapper\">\n\t\t\t\t\t\t<span class=\"elementor-button-text\">Politica de Comunica\u00e7\u00e3o<\/span>\n\t\t<\/span>\n\t\t\t\t\t<\/a>\n\t\t<\/div>\n\t\t\t\t<\/div>\n\t\t\t\t<\/div>\n\t\t\t\t\t<\/div>\n\t\t<\/div>\n\t\t\t\t<div class=\"elementor-column elementor-col-25 elementor-top-column elementor-element elementor-element-233a529\" data-id=\"233a529\" data-element_type=\"column\">\n\t\t\t<div class=\"elementor-widget-wrap elementor-element-populated\">\n\t\t\t\t\t\t<div class=\"elementor-element elementor-element-afbbfa5 elementor-view-default elementor-widget elementor-widget-icon\" data-id=\"afbbfa5\" data-element_type=\"widget\" data-widget_type=\"icon.default\">\n\t\t\t\t<div class=\"elementor-widget-container\">\n\t\t\t\t\t<div class=\"elementor-icon-wrapper\">\n\t\t\t<div class=\"elementor-icon\">\n\t\t\t<i aria-hidden=\"true\" class=\"far fa-file-alt\"><\/i>\t\t\t<\/div>\n\t\t<\/div>\n\t\t\t\t<\/div>\n\t\t\t\t<\/div>\n\t\t\t\t<div class=\"elementor-element elementor-element-12d7604 elementor-align-justify elementor-widget elementor-widget-button\" data-id=\"12d7604\" data-element_type=\"widget\" data-widget_type=\"button.default\">\n\t\t\t\t<div class=\"elementor-widget-container\">\n\t\t\t\t\t<div class=\"elementor-button-wrapper\">\n\t\t\t<a class=\"elementor-button elementor-button-link elementor-size-lg\" href=\"https:\/\/adonaiquimica.com.br\/adonai\/wp-content\/uploads\/2024\/08\/POL.COR_.006-Politica-Anticorrupcao-e-Suborno_rev.00.pdf\">\n\t\t\t\t\t\t<span class=\"elementor-button-content-wrapper\">\n\t\t\t\t\t\t<span class=\"elementor-button-text\">Politica Anticorrup\u00e7\u00e3o e Suborno<\/span>\n\t\t<\/span>\n\t\t\t\t\t<\/a>\n\t\t<\/div>\n\t\t\t\t<\/div>\n\t\t\t\t<\/div>\n\t\t\t\t\t<\/div>\n\t\t<\/div>\n\t\t\t\t<div class=\"elementor-column elementor-col-25 elementor-top-column elementor-element elementor-element-ed2190a\" data-id=\"ed2190a\" data-element_type=\"column\">\n\t\t\t<div class=\"elementor-widget-wrap elementor-element-populated\">\n\t\t\t\t\t\t<div class=\"elementor-element elementor-element-8c94bee elementor-view-default elementor-widget elementor-widget-icon\" data-id=\"8c94bee\" data-element_type=\"widget\" data-widget_type=\"icon.default\">\n\t\t\t\t<div class=\"elementor-widget-container\">\n\t\t\t\t\t<div class=\"elementor-icon-wrapper\">\n\t\t\t<div class=\"elementor-icon\">\n\t\t\t<i aria-hidden=\"true\" class=\"far fa-file-alt\"><\/i>\t\t\t<\/div>\n\t\t<\/div>\n\t\t\t\t<\/div>\n\t\t\t\t<\/div>\n\t\t\t\t<div class=\"elementor-element elementor-element-cbc4435 elementor-align-justify elementor-widget elementor-widget-button\" data-id=\"cbc4435\" data-element_type=\"widget\" data-widget_type=\"button.default\">\n\t\t\t\t<div class=\"elementor-widget-container\">\n\t\t\t\t\t<div class=\"elementor-button-wrapper\">\n\t\t\t<a class=\"elementor-button elementor-button-link elementor-size-lg\" href=\"https:\/\/adonaiquimica.com.br\/adonai\/wp-content\/uploads\/2024\/08\/POL.COR_.008-Politica-de-Direitos-Humanos_rev.00.pdf\">\n\t\t\t\t\t\t<span class=\"elementor-button-content-wrapper\">\n\t\t\t\t\t\t<span class=\"elementor-button-text\">Politica de Direitos Humanos<\/span>\n\t\t<\/span>\n\t\t\t\t\t<\/a>\n\t\t<\/div>\n\t\t\t\t<\/div>\n\t\t\t\t<\/div>\n\t\t\t\t\t<\/div>\n\t\t<\/div>\n\t\t\t\t<div class=\"elementor-column elementor-col-25 elementor-top-column elementor-element elementor-element-600bb04\" data-id=\"600bb04\" data-element_type=\"column\">\n\t\t\t<div class=\"elementor-widget-wrap elementor-element-populated\">\n\t\t\t\t\t\t<div class=\"elementor-element elementor-element-abd51a0 elementor-view-default elementor-widget elementor-widget-icon\" data-id=\"abd51a0\" data-element_type=\"widget\" data-widget_type=\"icon.default\">\n\t\t\t\t<div class=\"elementor-widget-container\">\n\t\t\t\t\t<div class=\"elementor-icon-wrapper\">\n\t\t\t<div class=\"elementor-icon\">\n\t\t\t<i aria-hidden=\"true\" class=\"far fa-file-alt\"><\/i>\t\t\t<\/div>\n\t\t<\/div>\n\t\t\t\t<\/div>\n\t\t\t\t<\/div>\n\t\t\t\t<div class=\"elementor-element elementor-element-8dae9c8 elementor-align-justify elementor-widget elementor-widget-button\" data-id=\"8dae9c8\" data-element_type=\"widget\" data-widget_type=\"button.default\">\n\t\t\t\t<div class=\"elementor-widget-container\">\n\t\t\t\t\t<div class=\"elementor-button-wrapper\">\n\t\t\t<a class=\"elementor-button elementor-button-link elementor-size-lg\" href=\"https:\/\/adonaiquimica.com.br\/adonai\/wp-content\/uploads\/2024\/08\/POL.COR_.009-Politica-de-Meio-Ambiente-e-Sustentabilidade_rev.00.pdf\">\n\t\t\t\t\t\t<span class=\"elementor-button-content-wrapper\">\n\t\t\t\t\t\t<span class=\"elementor-button-text\">Politica de Meio Ambiente e Sustentabilidade<\/span>\n\t\t<\/span>\n\t\t\t\t\t<\/a>\n\t\t<\/div>\n\t\t\t\t<\/div>\n\t\t\t\t<\/div>\n\t\t\t\t\t<\/div>\n\t\t<\/div>\n\t\t\t\t\t<\/div>\n\t\t<\/section>\n\t\t\t\t<\/div>\n\t\t","protected":false},"excerpt":{"rendered":"<p>Pol\u00edtica de Compras Sustent\u00e1vel Politica de Recebimento e Oferecimento de Brindes Presentes e Hospitalidades Politica Diversidade e Inclus\u00e3o Pol\u00edtica de Educa\u00e7\u00e3o Corporativa Politica de Comunica\u00e7\u00e3o Politica Anticorrup\u00e7\u00e3o e Suborno Politica de Direitos Humanos Politica de Meio Ambiente e Sustentabilidade<\/p>\n","protected":false},"author":2,"featured_media":0,"parent":0,"menu_order":0,"comment_status":"closed","ping_status":"closed","template":"","meta":{"footnotes":""},"acf":[],"yoast_head":"<!-- This site is optimized with the Yoast SEO plugin v23.5 - https:\/\/yoast.com\/wordpress\/plugins\/seo\/ -->\n<title>Adonai Quimica - Terminal L\u00edquido a Granel do Porto de Santos<\/title>\n<meta name=\"robots\" content=\"index, follow, max-snippet:-1, max-image-preview:large, max-video-preview:-1\" \/>\n<link rel=\"canonical\" href=\"https:\/\/adonaiquimica.com.br\/adonai\/politicas-corporativas-do-grupo-aba-infra\/\" \/>\n<meta property=\"og:locale\" content=\"pt_BR\" \/>\n<meta property=\"og:type\" content=\"article\" \/>\n<meta property=\"og:title\" content=\"Adonai Quimica - Terminal L\u00edquido a Granel do Porto de Santos\" \/>\n<meta property=\"og:description\" content=\"Pol\u00edtica de Compras Sustent\u00e1vel Politica de Recebimento e Oferecimento de Brindes Presentes e Hospitalidades Politica Diversidade e Inclus\u00e3o Pol\u00edtica de Educa\u00e7\u00e3o Corporativa Politica de Comunica\u00e7\u00e3o Politica Anticorrup\u00e7\u00e3o e Suborno Politica de Direitos Humanos Politica de Meio Ambiente e Sustentabilidade\" \/>\n<meta property=\"og:url\" content=\"https:\/\/adonaiquimica.com.br\/adonai\/politicas-corporativas-do-grupo-aba-infra\/\" \/>\n<meta property=\"og:site_name\" content=\"Adonai Qu\u00edmica\" \/>\n<meta property=\"article:modified_time\" content=\"2025-12-19T11:56:23+00:00\" \/>\n<meta name=\"twitter:card\" content=\"summary_large_image\" \/>\n<script type=\"application\/ld+json\" class=\"yoast-schema-graph\">{\"@context\":\"https:\/\/schema.org\",\"@graph\":[{\"@type\":\"WebPage\",\"@id\":\"https:\/\/adonaiquimica.com.br\/adonai\/politicas-corporativas-do-grupo-aba-infra\/\",\"url\":\"https:\/\/adonaiquimica.com.br\/adonai\/politicas-corporativas-do-grupo-aba-infra\/\",\"name\":\"Adonai Quimica - Terminal L\u00edquido a Granel do Porto de Santos\",\"isPartOf\":{\"@id\":\"https:\/\/adonaiquimica.com.br\/adonai\/#website\"},\"datePublished\":\"2024-08-07T18:03:40+00:00\",\"dateModified\":\"2025-12-19T11:56:23+00:00\",\"breadcrumb\":{\"@id\":\"https:\/\/adonaiquimica.com.br\/adonai\/politicas-corporativas-do-grupo-aba-infra\/#breadcrumb\"},\"inLanguage\":\"pt-BR\",\"potentialAction\":[{\"@type\":\"ReadAction\",\"target\":[\"https:\/\/adonaiquimica.com.br\/adonai\/politicas-corporativas-do-grupo-aba-infra\/\"]}]},{\"@type\":\"BreadcrumbList\",\"@id\":\"https:\/\/adonaiquimica.com.br\/adonai\/politicas-corporativas-do-grupo-aba-infra\/#breadcrumb\",\"itemListElement\":[{\"@type\":\"ListItem\",\"position\":1,\"name\":\"In\u00edcio\",\"item\":\"https:\/\/adonaiquimica.com.br\/adonai\/\"},{\"@type\":\"ListItem\",\"position\":2,\"name\":\"Pol\u00edticas Corporativas do Grupo ABA Infra\"}]},{\"@type\":\"WebSite\",\"@id\":\"https:\/\/adonaiquimica.com.br\/adonai\/#website\",\"url\":\"https:\/\/adonaiquimica.com.br\/adonai\/\",\"name\":\"Adonai Qu\u00edmica\",\"description\":\"Terminal de L\u00edquidos no Porto de Santos\",\"potentialAction\":[{\"@type\":\"SearchAction\",\"target\":{\"@type\":\"EntryPoint\",\"urlTemplate\":\"https:\/\/adonaiquimica.com.br\/adonai\/?s={search_term_string}\"},\"query-input\":{\"@type\":\"PropertyValueSpecification\",\"valueRequired\":true,\"valueName\":\"search_term_string\"}}],\"inLanguage\":\"pt-BR\"}]}<\/script>\n<!-- \/ Yoast SEO plugin. -->","yoast_head_json":{"title":"Adonai Quimica - Terminal L\u00edquido a Granel do Porto de Santos","robots":{"index":"index","follow":"follow","max-snippet":"max-snippet:-1","max-image-preview":"max-image-preview:large","max-video-preview":"max-video-preview:-1"},"canonical":"https:\/\/adonaiquimica.com.br\/adonai\/politicas-corporativas-do-grupo-aba-infra\/","og_locale":"pt_BR","og_type":"article","og_title":"Adonai Quimica - Terminal L\u00edquido a Granel do Porto de Santos","og_description":"Pol\u00edtica de Compras Sustent\u00e1vel Politica de Recebimento e Oferecimento de Brindes Presentes e Hospitalidades Politica Diversidade e Inclus\u00e3o Pol\u00edtica de Educa\u00e7\u00e3o Corporativa Politica de Comunica\u00e7\u00e3o Politica Anticorrup\u00e7\u00e3o e Suborno Politica de Direitos Humanos Politica de Meio Ambiente e Sustentabilidade","og_url":"https:\/\/adonaiquimica.com.br\/adonai\/politicas-corporativas-do-grupo-aba-infra\/","og_site_name":"Adonai Qu\u00edmica","article_modified_time":"2025-12-19T11:56:23+00:00","twitter_card":"summary_large_image","schema":{"@context":"https:\/\/schema.org","@graph":[{"@type":"WebPage","@id":"https:\/\/adonaiquimica.com.br\/adonai\/politicas-corporativas-do-grupo-aba-infra\/","url":"https:\/\/adonaiquimica.com.br\/adonai\/politicas-corporativas-do-grupo-aba-infra\/","name":"Adonai Quimica - Terminal L\u00edquido a Granel do Porto de Santos","isPartOf":{"@id":"https:\/\/adonaiquimica.com.br\/adonai\/#website"},"datePublished":"2024-08-07T18:03:40+00:00","dateModified":"2025-12-19T11:56:23+00:00","breadcrumb":{"@id":"https:\/\/adonaiquimica.com.br\/adonai\/politicas-corporativas-do-grupo-aba-infra\/#breadcrumb"},"inLanguage":"pt-BR","potentialAction":[{"@type":"ReadAction","target":["https:\/\/adonaiquimica.com.br\/adonai\/politicas-corporativas-do-grupo-aba-infra\/"]}]},{"@type":"BreadcrumbList","@id":"https:\/\/adonaiquimica.com.br\/adonai\/politicas-corporativas-do-grupo-aba-infra\/#breadcrumb","itemListElement":[{"@type":"ListItem","position":1,"name":"In\u00edcio","item":"https:\/\/adonaiquimica.com.br\/adonai\/"},{"@type":"ListItem","position":2,"name":"Pol\u00edticas Corporativas do Grupo ABA Infra"}]},{"@type":"WebSite","@id":"https:\/\/adonaiquimica.com.br\/adonai\/#website","url":"https:\/\/adonaiquimica.com.br\/adonai\/","name":"Adonai Qu\u00edmica","description":"Terminal de L\u00edquidos no Porto de Santos","potentialAction":[{"@type":"SearchAction","target":{"@type":"EntryPoint","urlTemplate":"https:\/\/adonaiquimica.com.br\/adonai\/?s={search_term_string}"},"query-input":{"@type":"PropertyValueSpecification","valueRequired":true,"valueName":"search_term_string"}}],"inLanguage":"pt-BR"}]}},"_links":{"self":[{"href":"https:\/\/adonaiquimica.com.br\/adonai\/wp-json\/wp\/v2\/pages\/18504"}],"collection":[{"href":"https:\/\/adonaiquimica.com.br\/adonai\/wp-json\/wp\/v2\/pages"}],"about":[{"href":"https:\/\/adonaiquimica.com.br\/adonai\/wp-json\/wp\/v2\/types\/page"}],"author":[{"embeddable":true,"href":"https:\/\/adonaiquimica.com.br\/adonai\/wp-json\/wp\/v2\/users\/2"}],"replies":[{"embeddable":true,"href":"https:\/\/adonaiquimica.com.br\/adonai\/wp-json\/wp\/v2\/comments?post=18504"}],"version-history":[{"count":16,"href":"https:\/\/adonaiquimica.com.br\/adonai\/wp-json\/wp\/v2\/pages\/18504\/revisions"}],"predecessor-version":[{"id":22500,"href":"https:\/\/adonaiquimica.com.br\/adonai\/wp-json\/wp\/v2\/pages\/18504\/revisions\/22500"}],"wp:attachment":[{"href":"https:\/\/adonaiquimica.com.br\/adonai\/wp-json\/wp\/v2\/media?parent=18504"}],"curies":[{"name":"wp","href":"https:\/\/api.w.org\/{rel}","templated":true}]}}