{"id":21376,"date":"2025-06-27T09:32:46","date_gmt":"2025-06-27T12:32:46","guid":{"rendered":"https:\/\/adonaiquimica.com.br\/adonai\/?page_id=21376"},"modified":"2025-06-27T10:09:52","modified_gmt":"2025-06-27T13:09:52","slug":"noticias","status":"publish","type":"page","link":"https:\/\/adonaiquimica.com.br\/adonai\/noticias\/","title":{"rendered":"Not\u00edcias"},"content":{"rendered":"\t\t<div data-elementor-type=\"wp-page\" data-elementor-id=\"21376\" class=\"elementor elementor-21376\" data-elementor-post-type=\"page\">\n\t\t\t\t\t\t<section class=\"elementor-section elementor-top-section elementor-element elementor-element-858b5a9 elementor-section-boxed elementor-section-height-default elementor-section-height-default\" data-id=\"858b5a9\" data-element_type=\"section\">\n\t\t\t\t\t\t<div class=\"elementor-container elementor-column-gap-default\">\n\t\t\t\t\t<div class=\"elementor-column elementor-col-50 elementor-top-column elementor-element elementor-element-46affd5\" data-id=\"46affd5\" data-element_type=\"column\">\n\t\t\t<div class=\"elementor-widget-wrap elementor-element-populated\">\n\t\t\t\t\t\t<div class=\"elementor-element elementor-element-f4b3e46 elementor-widget__width-initial elementor-widget elementor-widget-image\" data-id=\"f4b3e46\" data-element_type=\"widget\" data-widget_type=\"image.default\">\n\t\t\t\t<div class=\"elementor-widget-container\">\n\t\t\t\t\t\t\t\t\t\t\t\t\t<img fetchpriority=\"high\" decoding=\"async\" width=\"300\" height=\"200\" src=\"https:\/\/adonaiquimica.com.br\/adonai\/wp-content\/uploads\/2025\/06\/Foto-6.png\" class=\"attachment-large size-large wp-image-21379\" alt=\"\" \/>\t\t\t\t\t\t\t\t\t\t\t\t\t<\/div>\n\t\t\t\t<\/div>\n\t\t\t\t\t<\/div>\n\t\t<\/div>\n\t\t\t\t<div class=\"elementor-column elementor-col-50 elementor-top-column elementor-element elementor-element-0a318da\" data-id=\"0a318da\" data-element_type=\"column\">\n\t\t\t<div class=\"elementor-widget-wrap elementor-element-populated\">\n\t\t\t\t\t\t<section class=\"elementor-section elementor-inner-section elementor-element elementor-element-3614a05 elementor-section-boxed elementor-section-height-default elementor-section-height-default\" data-id=\"3614a05\" data-element_type=\"section\">\n\t\t\t\t\t\t<div class=\"elementor-container elementor-column-gap-default\">\n\t\t\t\t\t<div class=\"elementor-column elementor-col-100 elementor-inner-column elementor-element elementor-element-a5666bf\" data-id=\"a5666bf\" data-element_type=\"column\">\n\t\t\t<div class=\"elementor-widget-wrap elementor-element-populated\">\n\t\t\t\t\t\t<div class=\"elementor-element elementor-element-899ec14 elementor-widget__width-initial elementor-absolute elementor-widget elementor-widget-text-editor\" data-id=\"899ec14\" data-element_type=\"widget\" data-settings=\"{&quot;_position&quot;:&quot;absolute&quot;}\" data-widget_type=\"text-editor.default\">\n\t\t\t\t<div class=\"elementor-widget-container\">\n\t\t\t\t\t\t\t<p>25 de Junho de 2025<\/p>\t\t\t\t\t\t<\/div>\n\t\t\t\t<\/div>\n\t\t\t\t\t<\/div>\n\t\t<\/div>\n\t\t\t\t\t<\/div>\n\t\t<\/section>\n\t\t\t\t<div class=\"elementor-element elementor-element-f713fae elementor-widget elementor-widget-text-editor\" data-id=\"f713fae\" data-element_type=\"widget\" data-widget_type=\"text-editor.default\">\n\t\t\t\t<div class=\"elementor-widget-container\">\n\t\t\t\t\t\t\t<p><a href=\"https:\/\/www.atribuna.com.br\/noticias\/portomar\/ilha-barnabe-tera-obra-para-receber-navios-maiores-no-porto-de-santos-investimento-passa-de-r-100-milh-es-1.466948\" target=\"_blank\" rel=\"noopener\">Ilha Barnab\u00e9 ter\u00e1 obra para receber navios maiores no Porto de Santos, investimentos passa de R$ 100 milh\u00f5es. Obra prev\u00ea amplia\u00e7\u00e3o da profundidade.<\/a><\/p>\t\t\t\t\t\t<\/div>\n\t\t\t\t<\/div>\n\t\t\t\t\t<\/div>\n\t\t<\/div>\n\t\t\t\t\t<\/div>\n\t\t<\/section>\n\t\t\t\t<section class=\"elementor-section elementor-top-section elementor-element elementor-element-1ab1b7f elementor-section-boxed elementor-section-height-default elementor-section-height-default\" data-id=\"1ab1b7f\" data-element_type=\"section\">\n\t\t\t\t\t\t<div class=\"elementor-container elementor-column-gap-default\">\n\t\t\t\t\t<div class=\"elementor-column elementor-col-100 elementor-top-column elementor-element elementor-element-abd8428\" data-id=\"abd8428\" data-element_type=\"column\">\n\t\t\t<div class=\"elementor-widget-wrap\">\n\t\t\t\t\t\t\t<\/div>\n\t\t<\/div>\n\t\t\t\t\t<\/div>\n\t\t<\/section>\n\t\t\t\t<\/div>\n\t\t","protected":false},"excerpt":{"rendered":"<p>25 de Junho de 2025 Ilha Barnab\u00e9 ter\u00e1 obra para receber navios maiores no Porto de Santos, investimentos passa de R$ 100 milh\u00f5es. Obra prev\u00ea amplia\u00e7\u00e3o da profundidade.<\/p>\n","protected":false},"author":2,"featured_media":0,"parent":0,"menu_order":0,"comment_status":"closed","ping_status":"closed","template":"","meta":{"footnotes":""},"acf":[],"yoast_head":"<!-- This site is optimized with the Yoast SEO plugin v23.5 - https:\/\/yoast.com\/wordpress\/plugins\/seo\/ -->\n<title>Not\u00edcias - Adonai Qu\u00edmica<\/title>\n<meta name=\"robots\" content=\"index, follow, max-snippet:-1, max-image-preview:large, max-video-preview:-1\" \/>\n<link rel=\"canonical\" href=\"https:\/\/adonaiquimica.com.br\/adonai\/noticias\/\" \/>\n<meta property=\"og:locale\" content=\"pt_BR\" \/>\n<meta property=\"og:type\" content=\"article\" \/>\n<meta property=\"og:title\" content=\"Not\u00edcias - Adonai Qu\u00edmica\" \/>\n<meta property=\"og:description\" content=\"25 de Junho de 2025 Ilha Barnab\u00e9 ter\u00e1 obra para receber navios maiores no Porto de Santos, investimentos passa de R$ 100 milh\u00f5es. Obra prev\u00ea amplia\u00e7\u00e3o da profundidade.\" \/>\n<meta property=\"og:url\" content=\"https:\/\/adonaiquimica.com.br\/adonai\/noticias\/\" \/>\n<meta property=\"og:site_name\" content=\"Adonai Qu\u00edmica\" \/>\n<meta property=\"article:modified_time\" content=\"2025-06-27T13:09:52+00:00\" \/>\n<meta property=\"og:image\" content=\"https:\/\/adonaiquimica.com.br\/adonai\/wp-content\/uploads\/2025\/06\/Foto-6.png\" \/>\n<meta name=\"twitter:card\" content=\"summary_large_image\" \/>\n<meta name=\"twitter:label1\" content=\"Est. tempo de leitura\" \/>\n\t<meta name=\"twitter:data1\" content=\"1 minuto\" \/>\n<script type=\"application\/ld+json\" class=\"yoast-schema-graph\">{\"@context\":\"https:\/\/schema.org\",\"@graph\":[{\"@type\":\"WebPage\",\"@id\":\"https:\/\/adonaiquimica.com.br\/adonai\/noticias\/\",\"url\":\"https:\/\/adonaiquimica.com.br\/adonai\/noticias\/\",\"name\":\"Not\u00edcias - Adonai Qu\u00edmica\",\"isPartOf\":{\"@id\":\"https:\/\/adonaiquimica.com.br\/adonai\/#website\"},\"primaryImageOfPage\":{\"@id\":\"https:\/\/adonaiquimica.com.br\/adonai\/noticias\/#primaryimage\"},\"image\":{\"@id\":\"https:\/\/adonaiquimica.com.br\/adonai\/noticias\/#primaryimage\"},\"thumbnailUrl\":\"https:\/\/adonaiquimica.com.br\/adonai\/wp-content\/uploads\/2025\/06\/Foto-6.png\",\"datePublished\":\"2025-06-27T12:32:46+00:00\",\"dateModified\":\"2025-06-27T13:09:52+00:00\",\"breadcrumb\":{\"@id\":\"https:\/\/adonaiquimica.com.br\/adonai\/noticias\/#breadcrumb\"},\"inLanguage\":\"pt-BR\",\"potentialAction\":[{\"@type\":\"ReadAction\",\"target\":[\"https:\/\/adonaiquimica.com.br\/adonai\/noticias\/\"]}]},{\"@type\":\"ImageObject\",\"inLanguage\":\"pt-BR\",\"@id\":\"https:\/\/adonaiquimica.com.br\/adonai\/noticias\/#primaryimage\",\"url\":\"https:\/\/adonaiquimica.com.br\/adonai\/wp-content\/uploads\/2025\/06\/Foto-6.png\",\"contentUrl\":\"https:\/\/adonaiquimica.com.br\/adonai\/wp-content\/uploads\/2025\/06\/Foto-6.png\",\"width\":300,\"height\":200},{\"@type\":\"BreadcrumbList\",\"@id\":\"https:\/\/adonaiquimica.com.br\/adonai\/noticias\/#breadcrumb\",\"itemListElement\":[{\"@type\":\"ListItem\",\"position\":1,\"name\":\"In\u00edcio\",\"item\":\"https:\/\/adonaiquimica.com.br\/adonai\/\"},{\"@type\":\"ListItem\",\"position\":2,\"name\":\"Not\u00edcias\"}]},{\"@type\":\"WebSite\",\"@id\":\"https:\/\/adonaiquimica.com.br\/adonai\/#website\",\"url\":\"https:\/\/adonaiquimica.com.br\/adonai\/\",\"name\":\"Adonai Qu\u00edmica\",\"description\":\"Terminal de L\u00edquidos no Porto de Santos\",\"potentialAction\":[{\"@type\":\"SearchAction\",\"target\":{\"@type\":\"EntryPoint\",\"urlTemplate\":\"https:\/\/adonaiquimica.com.br\/adonai\/?s={search_term_string}\"},\"query-input\":{\"@type\":\"PropertyValueSpecification\",\"valueRequired\":true,\"valueName\":\"search_term_string\"}}],\"inLanguage\":\"pt-BR\"}]}<\/script>\n<!-- \/ Yoast SEO plugin. -->","yoast_head_json":{"title":"Not\u00edcias - Adonai Qu\u00edmica","robots":{"index":"index","follow":"follow","max-snippet":"max-snippet:-1","max-image-preview":"max-image-preview:large","max-video-preview":"max-video-preview:-1"},"canonical":"https:\/\/adonaiquimica.com.br\/adonai\/noticias\/","og_locale":"pt_BR","og_type":"article","og_title":"Not\u00edcias - Adonai Qu\u00edmica","og_description":"25 de Junho de 2025 Ilha Barnab\u00e9 ter\u00e1 obra para receber navios maiores no Porto de Santos, investimentos passa de R$ 100 milh\u00f5es. Obra prev\u00ea amplia\u00e7\u00e3o da profundidade.","og_url":"https:\/\/adonaiquimica.com.br\/adonai\/noticias\/","og_site_name":"Adonai Qu\u00edmica","article_modified_time":"2025-06-27T13:09:52+00:00","og_image":[{"url":"https:\/\/adonaiquimica.com.br\/adonai\/wp-content\/uploads\/2025\/06\/Foto-6.png"}],"twitter_card":"summary_large_image","twitter_misc":{"Est. tempo de leitura":"1 minuto"},"schema":{"@context":"https:\/\/schema.org","@graph":[{"@type":"WebPage","@id":"https:\/\/adonaiquimica.com.br\/adonai\/noticias\/","url":"https:\/\/adonaiquimica.com.br\/adonai\/noticias\/","name":"Not\u00edcias - Adonai Qu\u00edmica","isPartOf":{"@id":"https:\/\/adonaiquimica.com.br\/adonai\/#website"},"primaryImageOfPage":{"@id":"https:\/\/adonaiquimica.com.br\/adonai\/noticias\/#primaryimage"},"image":{"@id":"https:\/\/adonaiquimica.com.br\/adonai\/noticias\/#primaryimage"},"thumbnailUrl":"https:\/\/adonaiquimica.com.br\/adonai\/wp-content\/uploads\/2025\/06\/Foto-6.png","datePublished":"2025-06-27T12:32:46+00:00","dateModified":"2025-06-27T13:09:52+00:00","breadcrumb":{"@id":"https:\/\/adonaiquimica.com.br\/adonai\/noticias\/#breadcrumb"},"inLanguage":"pt-BR","potentialAction":[{"@type":"ReadAction","target":["https:\/\/adonaiquimica.com.br\/adonai\/noticias\/"]}]},{"@type":"ImageObject","inLanguage":"pt-BR","@id":"https:\/\/adonaiquimica.com.br\/adonai\/noticias\/#primaryimage","url":"https:\/\/adonaiquimica.com.br\/adonai\/wp-content\/uploads\/2025\/06\/Foto-6.png","contentUrl":"https:\/\/adonaiquimica.com.br\/adonai\/wp-content\/uploads\/2025\/06\/Foto-6.png","width":300,"height":200},{"@type":"BreadcrumbList","@id":"https:\/\/adonaiquimica.com.br\/adonai\/noticias\/#breadcrumb","itemListElement":[{"@type":"ListItem","position":1,"name":"In\u00edcio","item":"https:\/\/adonaiquimica.com.br\/adonai\/"},{"@type":"ListItem","position":2,"name":"Not\u00edcias"}]},{"@type":"WebSite","@id":"https:\/\/adonaiquimica.com.br\/adonai\/#website","url":"https:\/\/adonaiquimica.com.br\/adonai\/","name":"Adonai Qu\u00edmica","description":"Terminal de L\u00edquidos no Porto de Santos","potentialAction":[{"@type":"SearchAction","target":{"@type":"EntryPoint","urlTemplate":"https:\/\/adonaiquimica.com.br\/adonai\/?s={search_term_string}"},"query-input":{"@type":"PropertyValueSpecification","valueRequired":true,"valueName":"search_term_string"}}],"inLanguage":"pt-BR"}]}},"_links":{"self":[{"href":"https:\/\/adonaiquimica.com.br\/adonai\/wp-json\/wp\/v2\/pages\/21376"}],"collection":[{"href":"https:\/\/adonaiquimica.com.br\/adonai\/wp-json\/wp\/v2\/pages"}],"about":[{"href":"https:\/\/adonaiquimica.com.br\/adonai\/wp-json\/wp\/v2\/types\/page"}],"author":[{"embeddable":true,"href":"https:\/\/adonaiquimica.com.br\/adonai\/wp-json\/wp\/v2\/users\/2"}],"replies":[{"embeddable":true,"href":"https:\/\/adonaiquimica.com.br\/adonai\/wp-json\/wp\/v2\/comments?post=21376"}],"version-history":[{"count":16,"href":"https:\/\/adonaiquimica.com.br\/adonai\/wp-json\/wp\/v2\/pages\/21376\/revisions"}],"predecessor-version":[{"id":21402,"href":"https:\/\/adonaiquimica.com.br\/adonai\/wp-json\/wp\/v2\/pages\/21376\/revisions\/21402"}],"wp:attachment":[{"href":"https:\/\/adonaiquimica.com.br\/adonai\/wp-json\/wp\/v2\/media?parent=21376"}],"curies":[{"name":"wp","href":"https:\/\/api.w.org\/{rel}","templated":true}]}}