{"id":22300,"date":"2025-10-28T11:35:11","date_gmt":"2025-10-28T14:35:11","guid":{"rendered":"https:\/\/adonaiquimica.com.br\/adonai\/?page_id=22300"},"modified":"2026-03-03T16:23:38","modified_gmt":"2026-03-03T19:23:38","slug":"documentacoes","status":"publish","type":"page","link":"https:\/\/adonaiquimica.com.br\/adonai\/documentacoes\/","title":{"rendered":"Documenta\u00e7\u00f5es"},"content":{"rendered":"\t\t<div data-elementor-type=\"wp-page\" data-elementor-id=\"22300\" class=\"elementor elementor-22300\" data-elementor-post-type=\"page\">\n\t\t\t\t\t\t<section class=\"elementor-section elementor-top-section elementor-element elementor-element-8d8de64 elementor-section-full_width elementor-section-height-default elementor-section-height-default\" data-id=\"8d8de64\" data-element_type=\"section\">\n\t\t\t\t\t\t<div class=\"elementor-container elementor-column-gap-extended\">\n\t\t\t\t\t<div class=\"elementor-column elementor-col-100 elementor-top-column elementor-element elementor-element-54abce4\" data-id=\"54abce4\" data-element_type=\"column\">\n\t\t\t<div class=\"elementor-widget-wrap elementor-element-populated\">\n\t\t\t\t\t\t<div class=\"elementor-element elementor-element-978e71b elementor-align-justify elementor-widget elementor-widget-button\" data-id=\"978e71b\" data-element_type=\"widget\" data-widget_type=\"button.default\">\n\t\t\t\t<div class=\"elementor-widget-container\">\n\t\t\t\t\t<div class=\"elementor-button-wrapper\">\n\t\t\t<a class=\"elementor-button elementor-button-link elementor-size-lg\" href=\"https:\/\/adonaiquimica.com.br\/adonai\/wp-content\/uploads\/2025\/10\/1.-NBR-ISO-9001-Validade-20.09.2026.pdf\" target=\"_blank\">\n\t\t\t\t\t\t<span class=\"elementor-button-content-wrapper\">\n\t\t\t\t\t\t<span class=\"elementor-button-text\">1. NBR ISO 9001 (Validade 20.09.2026)<\/span>\n\t\t<\/span>\n\t\t\t\t\t<\/a>\n\t\t<\/div>\n\t\t\t\t<\/div>\n\t\t\t\t<\/div>\n\t\t\t\t<div class=\"elementor-element elementor-element-1dc6975 elementor-align-justify elementor-widget elementor-widget-button\" data-id=\"1dc6975\" data-element_type=\"widget\" data-widget_type=\"button.default\">\n\t\t\t\t<div class=\"elementor-widget-container\">\n\t\t\t\t\t<div class=\"elementor-button-wrapper\">\n\t\t\t<a class=\"elementor-button elementor-button-link elementor-size-lg\" href=\"https:\/\/adonaiquimica.com.br\/adonai\/wp-content\/uploads\/2025\/10\/1.5-AVCB-n\u00b0-747586-Validade-19.12.2027.pdf\" target=\"_blank\">\n\t\t\t\t\t\t<span class=\"elementor-button-content-wrapper\">\n\t\t\t\t\t\t<span class=\"elementor-button-text\">1.5 AVCB n\u00b0 747586  - Validade 19.12.2027<\/span>\n\t\t<\/span>\n\t\t\t\t\t<\/a>\n\t\t<\/div>\n\t\t\t\t<\/div>\n\t\t\t\t<\/div>\n\t\t\t\t<div class=\"elementor-element elementor-element-df7f290 elementor-align-justify elementor-widget elementor-widget-button\" data-id=\"df7f290\" data-element_type=\"widget\" data-widget_type=\"button.default\">\n\t\t\t\t<div class=\"elementor-widget-container\">\n\t\t\t\t\t<div class=\"elementor-button-wrapper\">\n\t\t\t<a class=\"elementor-button elementor-button-link elementor-size-lg\" href=\"https:\/\/adonaiquimica.com.br\/adonai\/wp-content\/uploads\/2025\/10\/2.-NBR-ISO-14001-Validade-20.09.2026.pdf\" target=\"_blank\">\n\t\t\t\t\t\t<span class=\"elementor-button-content-wrapper\">\n\t\t\t\t\t\t<span class=\"elementor-button-text\">2. NBR ISO 14001 (Validade 20.09.2026)<\/span>\n\t\t<\/span>\n\t\t\t\t\t<\/a>\n\t\t<\/div>\n\t\t\t\t<\/div>\n\t\t\t\t<\/div>\n\t\t\t\t<div class=\"elementor-element elementor-element-cf3335e elementor-align-justify elementor-widget elementor-widget-button\" data-id=\"cf3335e\" data-element_type=\"widget\" data-widget_type=\"button.default\">\n\t\t\t\t<div class=\"elementor-widget-container\">\n\t\t\t\t\t<div class=\"elementor-button-wrapper\">\n\t\t\t<a class=\"elementor-button elementor-button-link elementor-size-lg\" href=\"https:\/\/adonaiquimica.com.br\/adonai\/wp-content\/uploads\/2025\/10\/3.-NBR-ISO-45001-Validade-28.07.2026.pdf\" target=\"_blank\">\n\t\t\t\t\t\t<span class=\"elementor-button-content-wrapper\">\n\t\t\t\t\t\t<span class=\"elementor-button-text\">3. NBR ISO 45001 (Validade 28.07.2026)<\/span>\n\t\t<\/span>\n\t\t\t\t\t<\/a>\n\t\t<\/div>\n\t\t\t\t<\/div>\n\t\t\t\t<\/div>\n\t\t\t\t<div class=\"elementor-element elementor-element-9783bfb elementor-align-justify elementor-widget elementor-widget-button\" data-id=\"9783bfb\" data-element_type=\"widget\" data-widget_type=\"button.default\">\n\t\t\t\t<div class=\"elementor-widget-container\">\n\t\t\t\t\t<div class=\"elementor-button-wrapper\">\n\t\t\t<a class=\"elementor-button elementor-button-link elementor-size-lg\" href=\"https:\/\/adonaiquimica.com.br\/adonai\/wp-content\/uploads\/2025\/10\/4.-CDI-T-Validade-05.2023-a-05.2026.pdf\" target=\"_blank\">\n\t\t\t\t\t\t<span class=\"elementor-button-content-wrapper\">\n\t\t\t\t\t\t<span class=\"elementor-button-text\">4. CDI-T (Validade 05.2023 \u00e0 05.2026)<\/span>\n\t\t<\/span>\n\t\t\t\t\t<\/a>\n\t\t<\/div>\n\t\t\t\t<\/div>\n\t\t\t\t<\/div>\n\t\t\t\t<div class=\"elementor-element elementor-element-980ed24 elementor-align-justify elementor-widget elementor-widget-button\" data-id=\"980ed24\" data-element_type=\"widget\" data-widget_type=\"button.default\">\n\t\t\t\t<div class=\"elementor-widget-container\">\n\t\t\t\t\t<div class=\"elementor-button-wrapper\">\n\t\t\t<a class=\"elementor-button elementor-button-link elementor-size-lg\" href=\"https:\/\/adonaiquimica.com.br\/adonai\/wp-content\/uploads\/2025\/10\/5.-OEA-Emissao-13.10.2021.pdf\" target=\"_blank\">\n\t\t\t\t\t\t<span class=\"elementor-button-content-wrapper\">\n\t\t\t\t\t\t<span class=\"elementor-button-text\">5. OEA (Emiss\u00e3o 13.10.2021)<\/span>\n\t\t<\/span>\n\t\t\t\t\t<\/a>\n\t\t<\/div>\n\t\t\t\t<\/div>\n\t\t\t\t<\/div>\n\t\t\t\t<div class=\"elementor-element elementor-element-7a860f8 elementor-align-justify elementor-widget elementor-widget-button\" data-id=\"7a860f8\" data-element_type=\"widget\" data-widget_type=\"button.default\">\n\t\t\t\t<div class=\"elementor-widget-container\">\n\t\t\t\t\t<div class=\"elementor-button-wrapper\">\n\t\t\t<a class=\"elementor-button elementor-button-link elementor-size-lg\" href=\"https:\/\/adonaiquimica.com.br\/adonai\/wp-content\/uploads\/2025\/10\/5.0.-Certificado-Operador-Portuario-no-383-Validade-28.10.2026.pdf\" target=\"_blank\">\n\t\t\t\t\t\t<span class=\"elementor-button-content-wrapper\">\n\t\t\t\t\t\t<span class=\"elementor-button-text\">5.0. Certificado Operador Portu\u00e1rio n\u00ba 383 - Validade 28.10.2026<\/span>\n\t\t<\/span>\n\t\t\t\t\t<\/a>\n\t\t<\/div>\n\t\t\t\t<\/div>\n\t\t\t\t<\/div>\n\t\t\t\t<div class=\"elementor-element elementor-element-832dc94 elementor-align-justify elementor-widget elementor-widget-button\" data-id=\"832dc94\" data-element_type=\"widget\" data-widget_type=\"button.default\">\n\t\t\t\t<div class=\"elementor-widget-container\">\n\t\t\t\t\t<div class=\"elementor-button-wrapper\">\n\t\t\t<a class=\"elementor-button elementor-button-link elementor-size-lg\" href=\"https:\/\/adonaiquimica.com.br\/adonai\/wp-content\/uploads\/2026\/01\/8.1.-Alvara-Produtos-Quimicos-Controlados-Deposito-Fechado-Policia-Civil-Validade-31.12.2026.pdf\" target=\"_blank\">\n\t\t\t\t\t\t<span class=\"elementor-button-content-wrapper\">\n\t\t\t\t\t\t<span class=\"elementor-button-text\">8.1. Alvara Produtos Quimicos Controlados Deposito Fechado - Validade-31.12.2026<\/span>\n\t\t<\/span>\n\t\t\t\t\t<\/a>\n\t\t<\/div>\n\t\t\t\t<\/div>\n\t\t\t\t<\/div>\n\t\t\t\t<div class=\"elementor-element elementor-element-a523d6d elementor-align-justify elementor-widget elementor-widget-button\" data-id=\"a523d6d\" data-element_type=\"widget\" data-widget_type=\"button.default\">\n\t\t\t\t<div class=\"elementor-widget-container\">\n\t\t\t\t\t<div class=\"elementor-button-wrapper\">\n\t\t\t<a class=\"elementor-button elementor-button-link elementor-size-lg\" href=\"https:\/\/adonaiquimica.com.br\/adonai\/wp-content\/uploads\/2025\/10\/8.2.-Certificado-de-Vistoria-Policia-Civil-Validade-31.12.2027.pdf\" target=\"_blank\">\n\t\t\t\t\t\t<span class=\"elementor-button-content-wrapper\">\n\t\t\t\t\t\t<span class=\"elementor-button-text\">8.2. Certificado de Vistoria - Pol\u00edcia Civil - Validade 31.12.2027<\/span>\n\t\t<\/span>\n\t\t\t\t\t<\/a>\n\t\t<\/div>\n\t\t\t\t<\/div>\n\t\t\t\t<\/div>\n\t\t\t\t<div class=\"elementor-element elementor-element-dfd0176 elementor-align-justify elementor-widget elementor-widget-button\" data-id=\"dfd0176\" data-element_type=\"widget\" data-widget_type=\"button.default\">\n\t\t\t\t<div class=\"elementor-widget-container\">\n\t\t\t\t\t<div class=\"elementor-button-wrapper\">\n\t\t\t<a class=\"elementor-button elementor-button-link elementor-size-lg\" href=\"https:\/\/adonaiquimica.com.br\/adonai\/wp-content\/uploads\/2025\/10\/9.1.-Certificado-de-Licenca-de-Funcionamento-Policia-Federal-Validade-22.07.2026.pdf\" target=\"_blank\">\n\t\t\t\t\t\t<span class=\"elementor-button-content-wrapper\">\n\t\t\t\t\t\t<span class=\"elementor-button-text\">9.1. Certificado de Licen\u00e7a de Funcionamento - Pol\u00edcia Federal - Validade 22.07.2026<\/span>\n\t\t<\/span>\n\t\t\t\t\t<\/a>\n\t\t<\/div>\n\t\t\t\t<\/div>\n\t\t\t\t<\/div>\n\t\t\t\t<div class=\"elementor-element elementor-element-c4d165a elementor-align-justify elementor-widget elementor-widget-button\" data-id=\"c4d165a\" data-element_type=\"widget\" data-widget_type=\"button.default\">\n\t\t\t\t<div class=\"elementor-widget-container\">\n\t\t\t\t\t<div class=\"elementor-button-wrapper\">\n\t\t\t<a class=\"elementor-button elementor-button-link elementor-size-lg\" href=\"https:\/\/adonaiquimica.com.br\/adonai\/wp-content\/uploads\/2026\/03\/10.0.-Certificado-de-Registro-Exercito-Validade-30.01.2028.pdf\" target=\"_blank\">\n\t\t\t\t\t\t<span class=\"elementor-button-content-wrapper\">\n\t\t\t\t\t\t<span class=\"elementor-button-text\">10.0. Certificado de Registro - Ex\u00e9rcito - Validade 30.01.2028<\/span>\n\t\t<\/span>\n\t\t\t\t\t<\/a>\n\t\t<\/div>\n\t\t\t\t<\/div>\n\t\t\t\t<\/div>\n\t\t\t\t<div class=\"elementor-element elementor-element-ff80855 elementor-align-justify elementor-widget elementor-widget-button\" data-id=\"ff80855\" data-element_type=\"widget\" data-widget_type=\"button.default\">\n\t\t\t\t<div class=\"elementor-widget-container\">\n\t\t\t\t\t<div class=\"elementor-button-wrapper\">\n\t\t\t<a class=\"elementor-button elementor-button-link elementor-size-lg\" href=\"https:\/\/adonaiquimica.com.br\/adonai\/wp-content\/uploads\/2026\/01\/11.0.-Certificado-de-Regularidade-IBAMA-Validade-10.02.2026.pdf\" target=\"_blank\">\n\t\t\t\t\t\t<span class=\"elementor-button-content-wrapper\">\n\t\t\t\t\t\t<span class=\"elementor-button-text\">11.0. Certificado de Regularidade - IBAMA - Validade 10.02.2026<\/span>\n\t\t<\/span>\n\t\t\t\t\t<\/a>\n\t\t<\/div>\n\t\t\t\t<\/div>\n\t\t\t\t<\/div>\n\t\t\t\t<div class=\"elementor-element elementor-element-e03c118 elementor-align-justify elementor-widget elementor-widget-button\" data-id=\"e03c118\" data-element_type=\"widget\" data-widget_type=\"button.default\">\n\t\t\t\t<div class=\"elementor-widget-container\">\n\t\t\t\t\t<div class=\"elementor-button-wrapper\">\n\t\t\t<a class=\"elementor-button elementor-button-link elementor-size-lg\" href=\"https:\/\/adonaiquimica.com.br\/adonai\/wp-content\/uploads\/2026\/01\/13.0.-Alvara-de-Funcionamento-Prefeitura-Validade-31.12.2026.pdf\" target=\"_blank\">\n\t\t\t\t\t\t<span class=\"elementor-button-content-wrapper\">\n\t\t\t\t\t\t<span class=\"elementor-button-text\">13.0. Alvar\u00e1 de Funcionamento Prefeitura - Validade 31.12.2026<\/span>\n\t\t<\/span>\n\t\t\t\t\t<\/a>\n\t\t<\/div>\n\t\t\t\t<\/div>\n\t\t\t\t<\/div>\n\t\t\t\t<div class=\"elementor-element elementor-element-26fd1b9 elementor-align-justify elementor-hidden-desktop elementor-hidden-tablet elementor-hidden-mobile elementor-widget elementor-widget-button\" data-id=\"26fd1b9\" data-element_type=\"widget\" data-widget_type=\"button.default\">\n\t\t\t\t<div class=\"elementor-widget-container\">\n\t\t\t\t\t<div class=\"elementor-button-wrapper\">\n\t\t\t<a class=\"elementor-button elementor-button-link elementor-size-lg\" href=\"https:\/\/adonaiquimica.com.br\/adonai\/wp-content\/uploads\/2025\/10\/15.0.-AFE-Anvisa.pdf\" target=\"_blank\">\n\t\t\t\t\t\t<span class=\"elementor-button-content-wrapper\">\n\t\t\t\t\t\t<span class=\"elementor-button-text\">15.0. AFE - Anvisa<\/span>\n\t\t<\/span>\n\t\t\t\t\t<\/a>\n\t\t<\/div>\n\t\t\t\t<\/div>\n\t\t\t\t<\/div>\n\t\t\t\t<div class=\"elementor-element elementor-element-ef8c86f elementor-align-justify elementor-widget elementor-widget-button\" data-id=\"ef8c86f\" data-element_type=\"widget\" data-widget_type=\"button.default\">\n\t\t\t\t<div class=\"elementor-widget-container\">\n\t\t\t\t\t<div class=\"elementor-button-wrapper\">\n\t\t\t<a class=\"elementor-button elementor-button-link elementor-size-lg\" href=\"https:\/\/adonaiquimica.com.br\/adonai\/wp-content\/uploads\/2025\/10\/18.-MAPA-Vigiagro_Sem-validade.pdf\" target=\"_blank\">\n\t\t\t\t\t\t<span class=\"elementor-button-content-wrapper\">\n\t\t\t\t\t\t<span class=\"elementor-button-text\">18. MAPA Vigiagro_Sem validade<\/span>\n\t\t<\/span>\n\t\t\t\t\t<\/a>\n\t\t<\/div>\n\t\t\t\t<\/div>\n\t\t\t\t<\/div>\n\t\t\t\t<div class=\"elementor-element elementor-element-5b3722d elementor-align-justify elementor-widget elementor-widget-button\" data-id=\"5b3722d\" data-element_type=\"widget\" data-widget_type=\"button.default\">\n\t\t\t\t<div class=\"elementor-widget-container\">\n\t\t\t\t\t<div class=\"elementor-button-wrapper\">\n\t\t\t<a class=\"elementor-button elementor-button-link elementor-size-lg\" href=\"https:\/\/adonaiquimica.com.br\/adonai\/wp-content\/uploads\/2025\/10\/LOR-ADONAI-18004158-Validade-03.03.2031.pdf\" target=\"_blank\">\n\t\t\t\t\t\t<span class=\"elementor-button-content-wrapper\">\n\t\t\t\t\t\t<span class=\"elementor-button-text\">Licen\u00e7a de Opera\u00e7\u00e3o - ADONAI - 18004158 - Validade 03.03.2031<\/span>\n\t\t<\/span>\n\t\t\t\t\t<\/a>\n\t\t<\/div>\n\t\t\t\t<\/div>\n\t\t\t\t<\/div>\n\t\t\t\t\t<\/div>\n\t\t<\/div>\n\t\t\t\t\t<\/div>\n\t\t<\/section>\n\t\t\t\t<\/div>\n\t\t","protected":false},"excerpt":{"rendered":"<p>1. NBR ISO 9001 (Validade 20.09.2026) 1.5 AVCB n\u00b0 747586 &#8211; Validade 19.12.2027 2. NBR ISO 14001 (Validade 20.09.2026) 3. NBR ISO 45001 (Validade 28.07.2026) 4. CDI-T (Validade 05.2023 \u00e0 05.2026) 5. OEA (Emiss\u00e3o 13.10.2021) 5.0. Certificado Operador Portu\u00e1rio n\u00ba 383 &#8211; Validade 28.10.2026 8.1. Alvara Produtos Quimicos Controlados Deposito Fechado &#8211; Validade-31.12.2026 8.2. Certificado [&hellip;]<\/p>\n","protected":false},"author":2,"featured_media":0,"parent":0,"menu_order":0,"comment_status":"closed","ping_status":"closed","template":"","meta":{"footnotes":""},"acf":[],"yoast_head":"<!-- This site is optimized with the Yoast SEO plugin v23.5 - https:\/\/yoast.com\/wordpress\/plugins\/seo\/ -->\n<title>Documenta\u00e7\u00f5es - Adonai Qu\u00edmica<\/title>\n<meta name=\"robots\" content=\"index, follow, max-snippet:-1, max-image-preview:large, max-video-preview:-1\" \/>\n<link rel=\"canonical\" href=\"https:\/\/adonaiquimica.com.br\/adonai\/documentacoes\/\" \/>\n<meta property=\"og:locale\" content=\"pt_BR\" \/>\n<meta property=\"og:type\" content=\"article\" \/>\n<meta property=\"og:title\" content=\"Documenta\u00e7\u00f5es - Adonai Qu\u00edmica\" \/>\n<meta property=\"og:description\" content=\"1. NBR ISO 9001 (Validade 20.09.2026) 1.5 AVCB n\u00b0 747586 &#8211; Validade 19.12.2027 2. NBR ISO 14001 (Validade 20.09.2026) 3. NBR ISO 45001 (Validade 28.07.2026) 4. CDI-T (Validade 05.2023 \u00e0 05.2026) 5. OEA (Emiss\u00e3o 13.10.2021) 5.0. Certificado Operador Portu\u00e1rio n\u00ba 383 &#8211; Validade 28.10.2026 8.1. Alvara Produtos Quimicos Controlados Deposito Fechado &#8211; Validade-31.12.2026 8.2. Certificado [&hellip;]\" \/>\n<meta property=\"og:url\" content=\"https:\/\/adonaiquimica.com.br\/adonai\/documentacoes\/\" \/>\n<meta property=\"og:site_name\" content=\"Adonai Qu\u00edmica\" \/>\n<meta property=\"article:modified_time\" content=\"2026-03-03T19:23:38+00:00\" \/>\n<meta name=\"twitter:card\" content=\"summary_large_image\" \/>\n<script type=\"application\/ld+json\" class=\"yoast-schema-graph\">{\"@context\":\"https:\/\/schema.org\",\"@graph\":[{\"@type\":\"WebPage\",\"@id\":\"https:\/\/adonaiquimica.com.br\/adonai\/documentacoes\/\",\"url\":\"https:\/\/adonaiquimica.com.br\/adonai\/documentacoes\/\",\"name\":\"Documenta\u00e7\u00f5es - Adonai Qu\u00edmica\",\"isPartOf\":{\"@id\":\"https:\/\/adonaiquimica.com.br\/adonai\/#website\"},\"datePublished\":\"2025-10-28T14:35:11+00:00\",\"dateModified\":\"2026-03-03T19:23:38+00:00\",\"breadcrumb\":{\"@id\":\"https:\/\/adonaiquimica.com.br\/adonai\/documentacoes\/#breadcrumb\"},\"inLanguage\":\"pt-BR\",\"potentialAction\":[{\"@type\":\"ReadAction\",\"target\":[\"https:\/\/adonaiquimica.com.br\/adonai\/documentacoes\/\"]}]},{\"@type\":\"BreadcrumbList\",\"@id\":\"https:\/\/adonaiquimica.com.br\/adonai\/documentacoes\/#breadcrumb\",\"itemListElement\":[{\"@type\":\"ListItem\",\"position\":1,\"name\":\"In\u00edcio\",\"item\":\"https:\/\/adonaiquimica.com.br\/adonai\/\"},{\"@type\":\"ListItem\",\"position\":2,\"name\":\"Documenta\u00e7\u00f5es\"}]},{\"@type\":\"WebSite\",\"@id\":\"https:\/\/adonaiquimica.com.br\/adonai\/#website\",\"url\":\"https:\/\/adonaiquimica.com.br\/adonai\/\",\"name\":\"Adonai Qu\u00edmica\",\"description\":\"Terminal de L\u00edquidos no Porto de Santos\",\"potentialAction\":[{\"@type\":\"SearchAction\",\"target\":{\"@type\":\"EntryPoint\",\"urlTemplate\":\"https:\/\/adonaiquimica.com.br\/adonai\/?s={search_term_string}\"},\"query-input\":{\"@type\":\"PropertyValueSpecification\",\"valueRequired\":true,\"valueName\":\"search_term_string\"}}],\"inLanguage\":\"pt-BR\"}]}<\/script>\n<!-- \/ Yoast SEO plugin. -->","yoast_head_json":{"title":"Documenta\u00e7\u00f5es - Adonai Qu\u00edmica","robots":{"index":"index","follow":"follow","max-snippet":"max-snippet:-1","max-image-preview":"max-image-preview:large","max-video-preview":"max-video-preview:-1"},"canonical":"https:\/\/adonaiquimica.com.br\/adonai\/documentacoes\/","og_locale":"pt_BR","og_type":"article","og_title":"Documenta\u00e7\u00f5es - Adonai Qu\u00edmica","og_description":"1. NBR ISO 9001 (Validade 20.09.2026) 1.5 AVCB n\u00b0 747586 &#8211; Validade 19.12.2027 2. NBR ISO 14001 (Validade 20.09.2026) 3. NBR ISO 45001 (Validade 28.07.2026) 4. CDI-T (Validade 05.2023 \u00e0 05.2026) 5. OEA (Emiss\u00e3o 13.10.2021) 5.0. Certificado Operador Portu\u00e1rio n\u00ba 383 &#8211; Validade 28.10.2026 8.1. Alvara Produtos Quimicos Controlados Deposito Fechado &#8211; Validade-31.12.2026 8.2. Certificado [&hellip;]","og_url":"https:\/\/adonaiquimica.com.br\/adonai\/documentacoes\/","og_site_name":"Adonai Qu\u00edmica","article_modified_time":"2026-03-03T19:23:38+00:00","twitter_card":"summary_large_image","schema":{"@context":"https:\/\/schema.org","@graph":[{"@type":"WebPage","@id":"https:\/\/adonaiquimica.com.br\/adonai\/documentacoes\/","url":"https:\/\/adonaiquimica.com.br\/adonai\/documentacoes\/","name":"Documenta\u00e7\u00f5es - Adonai Qu\u00edmica","isPartOf":{"@id":"https:\/\/adonaiquimica.com.br\/adonai\/#website"},"datePublished":"2025-10-28T14:35:11+00:00","dateModified":"2026-03-03T19:23:38+00:00","breadcrumb":{"@id":"https:\/\/adonaiquimica.com.br\/adonai\/documentacoes\/#breadcrumb"},"inLanguage":"pt-BR","potentialAction":[{"@type":"ReadAction","target":["https:\/\/adonaiquimica.com.br\/adonai\/documentacoes\/"]}]},{"@type":"BreadcrumbList","@id":"https:\/\/adonaiquimica.com.br\/adonai\/documentacoes\/#breadcrumb","itemListElement":[{"@type":"ListItem","position":1,"name":"In\u00edcio","item":"https:\/\/adonaiquimica.com.br\/adonai\/"},{"@type":"ListItem","position":2,"name":"Documenta\u00e7\u00f5es"}]},{"@type":"WebSite","@id":"https:\/\/adonaiquimica.com.br\/adonai\/#website","url":"https:\/\/adonaiquimica.com.br\/adonai\/","name":"Adonai Qu\u00edmica","description":"Terminal de L\u00edquidos no Porto de Santos","potentialAction":[{"@type":"SearchAction","target":{"@type":"EntryPoint","urlTemplate":"https:\/\/adonaiquimica.com.br\/adonai\/?s={search_term_string}"},"query-input":{"@type":"PropertyValueSpecification","valueRequired":true,"valueName":"search_term_string"}}],"inLanguage":"pt-BR"}]}},"_links":{"self":[{"href":"https:\/\/adonaiquimica.com.br\/adonai\/wp-json\/wp\/v2\/pages\/22300"}],"collection":[{"href":"https:\/\/adonaiquimica.com.br\/adonai\/wp-json\/wp\/v2\/pages"}],"about":[{"href":"https:\/\/adonaiquimica.com.br\/adonai\/wp-json\/wp\/v2\/types\/page"}],"author":[{"embeddable":true,"href":"https:\/\/adonaiquimica.com.br\/adonai\/wp-json\/wp\/v2\/users\/2"}],"replies":[{"embeddable":true,"href":"https:\/\/adonaiquimica.com.br\/adonai\/wp-json\/wp\/v2\/comments?post=22300"}],"version-history":[{"count":17,"href":"https:\/\/adonaiquimica.com.br\/adonai\/wp-json\/wp\/v2\/pages\/22300\/revisions"}],"predecessor-version":[{"id":22778,"href":"https:\/\/adonaiquimica.com.br\/adonai\/wp-json\/wp\/v2\/pages\/22300\/revisions\/22778"}],"wp:attachment":[{"href":"https:\/\/adonaiquimica.com.br\/adonai\/wp-json\/wp\/v2\/media?parent=22300"}],"curies":[{"name":"wp","href":"https:\/\/api.w.org\/{rel}","templated":true}]}}