{"id":3013,"date":"2021-04-06T16:53:03","date_gmt":"2021-04-06T19:53:03","guid":{"rendered":"https:\/\/adonaiquimica.com.br\/?page_id=3013"},"modified":"2025-10-28T10:08:44","modified_gmt":"2025-10-28T13:08:44","slug":"etica-e-transparencia","status":"publish","type":"page","link":"https:\/\/adonaiquimica.com.br\/adonai\/etica-e-transparencia\/","title":{"rendered":"\u00c9tica e Transpar\u00eancia"},"content":{"rendered":"\t\t<div data-elementor-type=\"wp-page\" data-elementor-id=\"3013\" class=\"elementor elementor-3013\" data-elementor-post-type=\"page\">\n\t\t\t\t\t\t<section class=\"elementor-section elementor-top-section elementor-element elementor-element-70bb340 elementor-section-full_width elementor-section-height-default elementor-section-height-default\" data-id=\"70bb340\" data-element_type=\"section\">\n\t\t\t\t\t\t<div class=\"elementor-container elementor-column-gap-no\">\n\t\t\t\t\t<div class=\"elementor-column elementor-col-100 elementor-top-column elementor-element elementor-element-46850b7\" data-id=\"46850b7\" data-element_type=\"column\">\n\t\t\t<div class=\"elementor-widget-wrap elementor-element-populated\">\n\t\t\t\t\t\t<div class=\"elementor-element elementor-element-edfb3b1 elementor-widget elementor-widget-text-editor\" data-id=\"edfb3b1\" data-element_type=\"widget\" data-widget_type=\"text-editor.default\">\n\t\t\t\t<div class=\"elementor-widget-container\">\n\t\t\t\t\t\t\t<div class=\"elementor-element elementor-element-6a170a8 elementor-widget elementor-widget-text-editor\" data-id=\"6a170a8\" data-element_type=\"widget\" data-widget_type=\"text-editor.default\"><div class=\"elementor-widget-container\"><p>O Programa de Compliance Corporativo do Grupo ABA Infra foi desenvolvido com o compromisso de promover uma cultura organizacional pautada na integridade, \u00e9tica e conformidade com as leis e regulamentos aplic\u00e1veis. Estruturado para abranger todas as \u00e1reas e n\u00edveis da organiza\u00e7\u00e3o, o programa refor\u00e7a a import\u00e2ncia da transpar\u00eancia nos processos internos e externos, contribuindo para a constru\u00e7\u00e3o de rela\u00e7\u00f5es de confian\u00e7a com colaboradores, clientes, parceiros e \u00f3rg\u00e3os reguladores. Al\u00e9m de mitigar riscos legais e reputacionais, o compliance fortalece a governan\u00e7a corporativa, impulsiona a efici\u00eancia operacional e assegura que nossas pr\u00e1ticas estejam alinhadas aos mais elevados padr\u00f5es de responsabilidade e sustentabilidade empresarial.<\/p><\/div><\/div>\t\t\t\t\t\t<\/div>\n\t\t\t\t<\/div>\n\t\t\t\t\t<\/div>\n\t\t<\/div>\n\t\t\t\t\t<\/div>\n\t\t<\/section>\n\t\t\t\t<section class=\"elementor-section elementor-top-section elementor-element elementor-element-8d8de64 elementor-section-full_width elementor-section-height-default elementor-section-height-default\" data-id=\"8d8de64\" data-element_type=\"section\">\n\t\t\t\t\t\t<div class=\"elementor-container elementor-column-gap-no\">\n\t\t\t\t\t<div class=\"elementor-column elementor-col-100 elementor-top-column elementor-element elementor-element-54abce4\" data-id=\"54abce4\" data-element_type=\"column\">\n\t\t\t<div class=\"elementor-widget-wrap elementor-element-populated\">\n\t\t\t\t\t\t<div class=\"elementor-element elementor-element-978e71b elementor-align-center elementor-widget elementor-widget-button\" data-id=\"978e71b\" data-element_type=\"widget\" data-widget_type=\"button.default\">\n\t\t\t\t<div class=\"elementor-widget-container\">\n\t\t\t\t\t<div class=\"elementor-button-wrapper\">\n\t\t\t<a class=\"elementor-button elementor-button-link elementor-size-lg\" href=\"https:\/\/adonaiquimica.com.br\/adonai\/wp-content\/uploads\/2025\/10\/CODIGO-DE-CONDUTA-ETICA-Rev-10-2025_digital-compactado-1.pdf\" target=\"_blank\">\n\t\t\t\t\t\t<span class=\"elementor-button-content-wrapper\">\n\t\t\t\t\t\t<span class=\"elementor-button-text\">Acesse o C\u00f3digo de Conduta \u00c9tica<\/span>\n\t\t<\/span>\n\t\t\t\t\t<\/a>\n\t\t<\/div>\n\t\t\t\t<\/div>\n\t\t\t\t<\/div>\n\t\t\t\t<div class=\"elementor-element elementor-element-9783bfb elementor-align-center elementor-widget elementor-widget-button\" data-id=\"9783bfb\" data-element_type=\"widget\" data-widget_type=\"button.default\">\n\t\t\t\t<div class=\"elementor-widget-container\">\n\t\t\t\t\t<div class=\"elementor-button-wrapper\">\n\t\t\t<a class=\"elementor-button elementor-button-link elementor-size-lg\" href=\"https:\/\/adonaiquimica.com.br\/adonai\/wp-content\/uploads\/2025\/10\/Codigo-de-Conduta-para-Fornecedor-2025-Grupo-ABA-Infra-Rev1.pdf\" target=\"_blank\">\n\t\t\t\t\t\t<span class=\"elementor-button-content-wrapper\">\n\t\t\t\t\t\t<span class=\"elementor-button-text\">Acesse o C\u00f3digo de Conduta Para Fornecedor<\/span>\n\t\t<\/span>\n\t\t\t\t\t<\/a>\n\t\t<\/div>\n\t\t\t\t<\/div>\n\t\t\t\t<\/div>\n\t\t\t\t\t<\/div>\n\t\t<\/div>\n\t\t\t\t\t<\/div>\n\t\t<\/section>\n\t\t\t\t<section class=\"elementor-section elementor-top-section elementor-element elementor-element-9fe54c8 elementor-section-full_width elementor-section-height-default elementor-section-height-default\" data-id=\"9fe54c8\" data-element_type=\"section\">\n\t\t\t\t\t\t<div class=\"elementor-container elementor-column-gap-default\">\n\t\t\t\t\t<div class=\"elementor-column elementor-col-100 elementor-top-column elementor-element elementor-element-4cf2d83\" data-id=\"4cf2d83\" data-element_type=\"column\">\n\t\t\t<div class=\"elementor-widget-wrap elementor-element-populated\">\n\t\t\t\t\t\t<div class=\"elementor-element elementor-element-ae9ab6f elementor-widget elementor-widget-text-editor\" data-id=\"ae9ab6f\" data-element_type=\"widget\" data-widget_type=\"text-editor.default\">\n\t\t\t\t<div class=\"elementor-widget-container\">\n\t\t\t\t\t\t\t<div class=\"elementor-element elementor-element-497795f elementor-widget elementor-widget-text-editor\" data-id=\"497795f\" data-element_type=\"widget\" data-widget_type=\"text-editor.default\"><div class=\"elementor-widget-container\"><p>Para realizar uma den\u00fancia:<\/p><\/div><\/div>\t\t\t\t\t\t<\/div>\n\t\t\t\t<\/div>\n\t\t\t\t<div class=\"elementor-element elementor-element-ed52daf elementor-align-center elementor-widget elementor-widget-button\" data-id=\"ed52daf\" data-element_type=\"widget\" data-widget_type=\"button.default\">\n\t\t\t\t<div class=\"elementor-widget-container\">\n\t\t\t\t\t<div class=\"elementor-button-wrapper\">\n\t\t\t<a class=\"elementor-button elementor-button-link elementor-size-lg\" href=\"https:\/\/www.canalintegro.com.br\/grupoabainfra\">\n\t\t\t\t\t\t<span class=\"elementor-button-content-wrapper\">\n\t\t\t\t\t\t<span class=\"elementor-button-text\">Acesse o Canal de \u00c9tica<\/span>\n\t\t<\/span>\n\t\t\t\t\t<\/a>\n\t\t<\/div>\n\t\t\t\t<\/div>\n\t\t\t\t<\/div>\n\t\t\t\t\t<\/div>\n\t\t<\/div>\n\t\t\t\t\t<\/div>\n\t\t<\/section>\n\t\t\t\t<\/div>\n\t\t","protected":false},"excerpt":{"rendered":"<p>O Programa de Compliance Corporativo do Grupo ABA Infra foi desenvolvido com o compromisso de promover uma cultura organizacional pautada na integridade, \u00e9tica e conformidade com as leis e regulamentos aplic\u00e1veis. Estruturado para abranger todas as \u00e1reas e n\u00edveis da organiza\u00e7\u00e3o, o programa refor\u00e7a a import\u00e2ncia da transpar\u00eancia nos processos internos e externos, contribuindo para [&hellip;]<\/p>\n","protected":false},"author":2,"featured_media":0,"parent":0,"menu_order":0,"comment_status":"closed","ping_status":"closed","template":"","meta":{"footnotes":""},"acf":[],"yoast_head":"<!-- This site is optimized with the Yoast SEO plugin v23.5 - https:\/\/yoast.com\/wordpress\/plugins\/seo\/ -->\n<title>\u00c9tica e Transpar\u00eancia - Adonai Qu\u00edmica<\/title>\n<meta name=\"robots\" content=\"index, follow, max-snippet:-1, max-image-preview:large, max-video-preview:-1\" \/>\n<link rel=\"canonical\" href=\"https:\/\/adonaiquimica.com.br\/adonai\/etica-e-transparencia\/\" \/>\n<meta property=\"og:locale\" content=\"pt_BR\" \/>\n<meta property=\"og:type\" content=\"article\" \/>\n<meta property=\"og:title\" content=\"\u00c9tica e Transpar\u00eancia - Adonai Qu\u00edmica\" \/>\n<meta property=\"og:description\" content=\"O Programa de Compliance Corporativo do Grupo ABA Infra foi desenvolvido com o compromisso de promover uma cultura organizacional pautada na integridade, \u00e9tica e conformidade com as leis e regulamentos aplic\u00e1veis. Estruturado para abranger todas as \u00e1reas e n\u00edveis da organiza\u00e7\u00e3o, o programa refor\u00e7a a import\u00e2ncia da transpar\u00eancia nos processos internos e externos, contribuindo para [&hellip;]\" \/>\n<meta property=\"og:url\" content=\"https:\/\/adonaiquimica.com.br\/adonai\/etica-e-transparencia\/\" \/>\n<meta property=\"og:site_name\" content=\"Adonai Qu\u00edmica\" \/>\n<meta property=\"article:modified_time\" content=\"2025-10-28T13:08:44+00:00\" \/>\n<meta name=\"twitter:card\" content=\"summary_large_image\" \/>\n<meta name=\"twitter:label1\" content=\"Est. tempo de leitura\" \/>\n\t<meta name=\"twitter:data1\" content=\"2 minutos\" \/>\n<script type=\"application\/ld+json\" class=\"yoast-schema-graph\">{\"@context\":\"https:\/\/schema.org\",\"@graph\":[{\"@type\":\"WebPage\",\"@id\":\"https:\/\/adonaiquimica.com.br\/adonai\/etica-e-transparencia\/\",\"url\":\"https:\/\/adonaiquimica.com.br\/adonai\/etica-e-transparencia\/\",\"name\":\"\u00c9tica e Transpar\u00eancia - Adonai Qu\u00edmica\",\"isPartOf\":{\"@id\":\"https:\/\/adonaiquimica.com.br\/adonai\/#website\"},\"datePublished\":\"2021-04-06T19:53:03+00:00\",\"dateModified\":\"2025-10-28T13:08:44+00:00\",\"breadcrumb\":{\"@id\":\"https:\/\/adonaiquimica.com.br\/adonai\/etica-e-transparencia\/#breadcrumb\"},\"inLanguage\":\"pt-BR\",\"potentialAction\":[{\"@type\":\"ReadAction\",\"target\":[\"https:\/\/adonaiquimica.com.br\/adonai\/etica-e-transparencia\/\"]}]},{\"@type\":\"BreadcrumbList\",\"@id\":\"https:\/\/adonaiquimica.com.br\/adonai\/etica-e-transparencia\/#breadcrumb\",\"itemListElement\":[{\"@type\":\"ListItem\",\"position\":1,\"name\":\"In\u00edcio\",\"item\":\"https:\/\/adonaiquimica.com.br\/adonai\/\"},{\"@type\":\"ListItem\",\"position\":2,\"name\":\"\u00c9tica e Transpar\u00eancia\"}]},{\"@type\":\"WebSite\",\"@id\":\"https:\/\/adonaiquimica.com.br\/adonai\/#website\",\"url\":\"https:\/\/adonaiquimica.com.br\/adonai\/\",\"name\":\"Adonai Qu\u00edmica\",\"description\":\"Terminal de L\u00edquidos no Porto de Santos\",\"potentialAction\":[{\"@type\":\"SearchAction\",\"target\":{\"@type\":\"EntryPoint\",\"urlTemplate\":\"https:\/\/adonaiquimica.com.br\/adonai\/?s={search_term_string}\"},\"query-input\":{\"@type\":\"PropertyValueSpecification\",\"valueRequired\":true,\"valueName\":\"search_term_string\"}}],\"inLanguage\":\"pt-BR\"}]}<\/script>\n<!-- \/ Yoast SEO plugin. -->","yoast_head_json":{"title":"\u00c9tica e Transpar\u00eancia - Adonai Qu\u00edmica","robots":{"index":"index","follow":"follow","max-snippet":"max-snippet:-1","max-image-preview":"max-image-preview:large","max-video-preview":"max-video-preview:-1"},"canonical":"https:\/\/adonaiquimica.com.br\/adonai\/etica-e-transparencia\/","og_locale":"pt_BR","og_type":"article","og_title":"\u00c9tica e Transpar\u00eancia - Adonai Qu\u00edmica","og_description":"O Programa de Compliance Corporativo do Grupo ABA Infra foi desenvolvido com o compromisso de promover uma cultura organizacional pautada na integridade, \u00e9tica e conformidade com as leis e regulamentos aplic\u00e1veis. Estruturado para abranger todas as \u00e1reas e n\u00edveis da organiza\u00e7\u00e3o, o programa refor\u00e7a a import\u00e2ncia da transpar\u00eancia nos processos internos e externos, contribuindo para [&hellip;]","og_url":"https:\/\/adonaiquimica.com.br\/adonai\/etica-e-transparencia\/","og_site_name":"Adonai Qu\u00edmica","article_modified_time":"2025-10-28T13:08:44+00:00","twitter_card":"summary_large_image","twitter_misc":{"Est. tempo de leitura":"2 minutos"},"schema":{"@context":"https:\/\/schema.org","@graph":[{"@type":"WebPage","@id":"https:\/\/adonaiquimica.com.br\/adonai\/etica-e-transparencia\/","url":"https:\/\/adonaiquimica.com.br\/adonai\/etica-e-transparencia\/","name":"\u00c9tica e Transpar\u00eancia - Adonai Qu\u00edmica","isPartOf":{"@id":"https:\/\/adonaiquimica.com.br\/adonai\/#website"},"datePublished":"2021-04-06T19:53:03+00:00","dateModified":"2025-10-28T13:08:44+00:00","breadcrumb":{"@id":"https:\/\/adonaiquimica.com.br\/adonai\/etica-e-transparencia\/#breadcrumb"},"inLanguage":"pt-BR","potentialAction":[{"@type":"ReadAction","target":["https:\/\/adonaiquimica.com.br\/adonai\/etica-e-transparencia\/"]}]},{"@type":"BreadcrumbList","@id":"https:\/\/adonaiquimica.com.br\/adonai\/etica-e-transparencia\/#breadcrumb","itemListElement":[{"@type":"ListItem","position":1,"name":"In\u00edcio","item":"https:\/\/adonaiquimica.com.br\/adonai\/"},{"@type":"ListItem","position":2,"name":"\u00c9tica e Transpar\u00eancia"}]},{"@type":"WebSite","@id":"https:\/\/adonaiquimica.com.br\/adonai\/#website","url":"https:\/\/adonaiquimica.com.br\/adonai\/","name":"Adonai Qu\u00edmica","description":"Terminal de L\u00edquidos no Porto de Santos","potentialAction":[{"@type":"SearchAction","target":{"@type":"EntryPoint","urlTemplate":"https:\/\/adonaiquimica.com.br\/adonai\/?s={search_term_string}"},"query-input":{"@type":"PropertyValueSpecification","valueRequired":true,"valueName":"search_term_string"}}],"inLanguage":"pt-BR"}]}},"_links":{"self":[{"href":"https:\/\/adonaiquimica.com.br\/adonai\/wp-json\/wp\/v2\/pages\/3013"}],"collection":[{"href":"https:\/\/adonaiquimica.com.br\/adonai\/wp-json\/wp\/v2\/pages"}],"about":[{"href":"https:\/\/adonaiquimica.com.br\/adonai\/wp-json\/wp\/v2\/types\/page"}],"author":[{"embeddable":true,"href":"https:\/\/adonaiquimica.com.br\/adonai\/wp-json\/wp\/v2\/users\/2"}],"replies":[{"embeddable":true,"href":"https:\/\/adonaiquimica.com.br\/adonai\/wp-json\/wp\/v2\/comments?post=3013"}],"version-history":[{"count":71,"href":"https:\/\/adonaiquimica.com.br\/adonai\/wp-json\/wp\/v2\/pages\/3013\/revisions"}],"predecessor-version":[{"id":22299,"href":"https:\/\/adonaiquimica.com.br\/adonai\/wp-json\/wp\/v2\/pages\/3013\/revisions\/22299"}],"wp:attachment":[{"href":"https:\/\/adonaiquimica.com.br\/adonai\/wp-json\/wp\/v2\/media?parent=3013"}],"curies":[{"name":"wp","href":"https:\/\/api.w.org\/{rel}","templated":true}]}}