{"id":3115,"date":"2021-04-07T12:54:05","date_gmt":"2021-04-07T15:54:05","guid":{"rendered":"https:\/\/adonaiquimica.com.br\/?page_id=3115"},"modified":"2025-06-16T14:51:31","modified_gmt":"2025-06-16T17:51:31","slug":"ouvidoria","status":"publish","type":"page","link":"https:\/\/adonaiquimica.com.br\/adonai\/ouvidoria\/","title":{"rendered":"Ouvidoria"},"content":{"rendered":"\t\t<div data-elementor-type=\"wp-page\" data-elementor-id=\"3115\" class=\"elementor elementor-3115\" data-elementor-post-type=\"page\">\n\t\t\t\t\t\t<section class=\"elementor-section elementor-top-section elementor-element elementor-element-dc8bbe5 elementor-hidden-desktop elementor-hidden-tablet elementor-hidden-mobile elementor-section-boxed elementor-section-height-default elementor-section-height-default\" data-id=\"dc8bbe5\" data-element_type=\"section\">\n\t\t\t\t\t\t<div class=\"elementor-container elementor-column-gap-default\">\n\t\t\t\t\t<div class=\"elementor-column elementor-col-100 elementor-top-column elementor-element elementor-element-0dff573\" data-id=\"0dff573\" data-element_type=\"column\">\n\t\t\t<div class=\"elementor-widget-wrap elementor-element-populated\">\n\t\t\t\t\t\t<section class=\"elementor-section elementor-inner-section elementor-element elementor-element-ed45767 elementor-section-boxed elementor-section-height-default elementor-section-height-default\" data-id=\"ed45767\" data-element_type=\"section\">\n\t\t\t\t\t\t<div class=\"elementor-container elementor-column-gap-default\">\n\t\t\t\t\t<div class=\"elementor-column elementor-col-100 elementor-inner-column elementor-element elementor-element-ad0b469\" data-id=\"ad0b469\" data-element_type=\"column\">\n\t\t\t<div class=\"elementor-widget-wrap elementor-element-populated\">\n\t\t\t\t\t\t<div class=\"elementor-element elementor-element-20c2909 elementor-widget elementor-widget-heading\" data-id=\"20c2909\" data-element_type=\"widget\" data-widget_type=\"heading.default\">\n\t\t\t\t<div class=\"elementor-widget-container\">\n\t\t\t<h2 class=\"elementor-heading-title elementor-size-default\">Entre em contato!<\/h2>\t\t<\/div>\n\t\t\t\t<\/div>\n\t\t\t\t<div class=\"elementor-element elementor-element-a994577 elementor-widget elementor-widget-text-editor\" data-id=\"a994577\" data-element_type=\"widget\" data-widget_type=\"text-editor.default\">\n\t\t\t\t<div class=\"elementor-widget-container\">\n\t\t\t\t\t\t\t<p>O Grupo ABA Infra estimula seus colaboradores a atuar em de forma respons\u00e1vel, honesta e respeitosa.<\/p><p><span style=\"color: var( --e-global-color-text ); font-family: var( --e-global-typography-text-font-family ), Sans-serif; font-weight: var( --e-global-typography-text-font-weight ); font-size: 1rem;\">O objetivo da Ouvidoria \u00e9 atuar no constante aprimoramento do Grupo e de suas empresas, garantindo aos nossos diferentes p\u00fablicos um canal de comunica\u00e7\u00e3o que seja transparente e imparcial para o recebimento de elogios, d\u00favidas, sugest\u00f5es e reclama\u00e7\u00f5es.\u00a0<\/span><\/p><p><span style=\"color: var( --e-global-color-text ); font-family: var( --e-global-typography-text-font-family ), Sans-serif; font-weight: var( --e-global-typography-text-font-weight ); font-size: 1rem;\">Este Canal de Ouvidoria tem o objetivo de proteger os direitos, a confidencialidade dos dados fornecidos e a integridade das informa\u00e7\u00f5es. Desta forma, ao acionar este canal voc\u00ea autoriza o uso dos seus dados, os quais ser\u00e3o tratados de maneira confidencial para avalia\u00e7\u00e3o interna do ocorrido e para tomada de medidas adequadas para a sua solu\u00e7\u00e3o garantindo o n\u00e3o compartilhamento com o meio externo, salvo\/exceto havendo previs\u00e3o legal para tal compartilhamento, especialmente com autoridades p\u00fablicas competentes.\u00a0<\/span><\/p><p><span style=\"color: var( --e-global-color-text ); font-family: var( --e-global-typography-text-font-family ), Sans-serif; font-weight: var( --e-global-typography-text-font-weight ); font-size: 1rem;\">Caso queira realizar uma den\u00fancia, utilize o Canal \u00cdntegro via site <a href=\"https:\/\/canalintegro.com.br\/grupoabainfra\">https:\/\/canalintegro.com.br\/grupoabainfra<\/a> ou telefone 0800 580 2431.<\/span><\/p>\t\t\t\t\t\t<\/div>\n\t\t\t\t<\/div>\n\t\t\t\t\t<\/div>\n\t\t<\/div>\n\t\t\t\t\t<\/div>\n\t\t<\/section>\n\t\t\t\t\t<\/div>\n\t\t<\/div>\n\t\t\t\t\t<\/div>\n\t\t<\/section>\n\t\t\t\t<section class=\"elementor-section elementor-top-section elementor-element elementor-element-472d6ab elementor-section-boxed elementor-section-height-default elementor-section-height-default\" data-id=\"472d6ab\" data-element_type=\"section\">\n\t\t\t\t\t\t<div class=\"elementor-container elementor-column-gap-default\">\n\t\t\t\t\t<div class=\"elementor-column elementor-col-100 elementor-top-column elementor-element elementor-element-afc89a4\" data-id=\"afc89a4\" data-element_type=\"column\">\n\t\t\t<div class=\"elementor-widget-wrap elementor-element-populated\">\n\t\t\t\t\t\t<section class=\"elementor-section elementor-inner-section elementor-element elementor-element-861ce2d elementor-section-boxed elementor-section-height-default elementor-section-height-default\" data-id=\"861ce2d\" data-element_type=\"section\">\n\t\t\t\t\t\t<div class=\"elementor-container elementor-column-gap-default\">\n\t\t\t\t\t<div class=\"elementor-column elementor-col-50 elementor-inner-column elementor-element elementor-element-ae567b0\" data-id=\"ae567b0\" data-element_type=\"column\">\n\t\t\t<div class=\"elementor-widget-wrap elementor-element-populated\">\n\t\t\t\t\t\t<div class=\"elementor-element elementor-element-601c849 elementor-widget elementor-widget-heading\" data-id=\"601c849\" data-element_type=\"widget\" data-widget_type=\"heading.default\">\n\t\t\t\t<div class=\"elementor-widget-container\">\n\t\t\t<h2 class=\"elementor-heading-title elementor-size-default\">Entre em contato!\u200b<\/h2>\t\t<\/div>\n\t\t\t\t<\/div>\n\t\t\t\t<div class=\"elementor-element elementor-element-84de7e9 elementor-widget elementor-widget-text-editor\" data-id=\"84de7e9\" data-element_type=\"widget\" data-widget_type=\"text-editor.default\">\n\t\t\t\t<div class=\"elementor-widget-container\">\n\t\t\t\t\t\t\t<p>O Grupo ABA Infra estimula seus colaboradores a atuarem de forma respons\u00e1vel, honesta e respeitosa.<\/p><p><span style=\"font-size: 1rem;\">O Canal de Ouvidoria tem como objetivo a melhoria institucional, a prote\u00e7\u00e3o dos direitos, a confidencialidade dos dados fornecidos e a integridade das informa\u00e7\u00f5es. Desta forma, ao preencher este formul\u00e1rio, voc\u00ea autoriza o uso dos seus dados, os quais ser\u00e3o tratados de maneira confidencial para avalia\u00e7\u00e3o interna do ocorrido e para tomada de medidas adequadas para a sua solu\u00e7\u00e3o garantindo o n\u00e3o compartilhamento com o meio externo, salvo\/exceto havendo previs\u00e3o legal para tal compartilhamento, especialmente com autoridades p\u00fablicas competentes.<\/span><\/p><p><span style=\"font-size: 1rem;\">Utilize este canal para realizar reclama\u00e7\u00f5es que n\u00e3o foram solucionadas atrav\u00e9s de outros canais de comunica\u00e7\u00e3o disponibilizados, ou seja este \u00e9 um canal de segunda inst\u00e2ncia.<\/span><\/p><p><span style=\"font-size: 1rem;\">Caso queira realizar uma den\u00fancia de viola\u00e7\u00e3o ao C\u00f3digo de Conduta \u00c9tica, utilize o Canal de \u00c9tica via site&nbsp;<\/span><a href=\"https:\/\/canalintegro.com.br\/grupoabainfra\" target=\"_blank\">https:\/\/canalintegro.com.br\/grupoabainfra<\/a><span style=\"font-size: 1rem;\">&nbsp;ou telefone 0800 580 2431.<\/span><\/p><p><span style=\"color: var( --e-global-color-text ); font-family: var( --e-global-typography-text-font-family ), Sans-serif; font-size: 1rem; font-weight: var( --e-global-typography-text-font-weight );\">&nbsp;<\/span><\/p>\t\t\t\t\t\t<\/div>\n\t\t\t\t<\/div>\n\t\t\t\t\t<\/div>\n\t\t<\/div>\n\t\t\t\t<div class=\"elementor-column elementor-col-50 elementor-inner-column elementor-element elementor-element-2c06f99\" data-id=\"2c06f99\" data-element_type=\"column\">\n\t\t\t<div class=\"elementor-widget-wrap elementor-element-populated\">\n\t\t\t\t\t\t<div class=\"elementor-element elementor-element-08dac34 elementor-widget elementor-widget-heading\" data-id=\"08dac34\" data-element_type=\"widget\" data-widget_type=\"heading.default\">\n\t\t\t\t<div class=\"elementor-widget-container\">\n\t\t\t<h2 class=\"elementor-heading-title elementor-size-default\">Envie uma mensagem!\u200b<\/h2>\t\t<\/div>\n\t\t\t\t<\/div>\n\t\t\t\t<div class=\"elementor-element elementor-element-00173e4 elementor-button-align-stretch elementor-widget elementor-widget-form\" data-id=\"00173e4\" data-element_type=\"widget\" data-settings=\"{&quot;step_next_label&quot;:&quot;Next&quot;,&quot;step_previous_label&quot;:&quot;Previous&quot;,&quot;button_width&quot;:&quot;100&quot;,&quot;step_type&quot;:&quot;number_text&quot;,&quot;step_icon_shape&quot;:&quot;circle&quot;}\" data-widget_type=\"form.default\">\n\t\t\t\t<div class=\"elementor-widget-container\">\n\t\t\t\t\t<form class=\"elementor-form\" method=\"post\" name=\"Contato\">\n\t\t\t<input type=\"hidden\" name=\"post_id\" value=\"3115\"\/>\n\t\t\t<input type=\"hidden\" name=\"form_id\" value=\"00173e4\"\/>\n\t\t\t<input type=\"hidden\" name=\"referer_title\" value=\"Adonai Qu\u00edmica\" \/>\n\n\t\t\t\n\t\t\t<div class=\"elementor-form-fields-wrapper elementor-labels-\">\n\t\t\t\t\t\t\t\t<div class=\"elementor-field-type-text elementor-field-group elementor-column elementor-field-group-name elementor-col-50 elementor-field-required\">\n\t\t\t\t\t\t\t\t\t\t\t\t<label for=\"form-field-name\" class=\"elementor-field-label elementor-screen-only\">\n\t\t\t\t\t\t\t\tNome\t\t\t\t\t\t\t<\/label>\n\t\t\t\t\t\t\t\t\t\t\t\t\t\t<input size=\"1\" type=\"text\" name=\"form_fields[name]\" id=\"form-field-name\" class=\"elementor-field elementor-size-sm  elementor-field-textual\" placeholder=\"Nome\" required=\"required\" aria-required=\"true\">\n\t\t\t\t\t\t\t\t\t\t\t<\/div>\n\t\t\t\t\t\t\t\t<div class=\"elementor-field-type-email elementor-field-group elementor-column elementor-field-group-email elementor-col-50 elementor-field-required\">\n\t\t\t\t\t\t\t\t\t\t\t\t<label for=\"form-field-email\" class=\"elementor-field-label elementor-screen-only\">\n\t\t\t\t\t\t\t\tEmail\t\t\t\t\t\t\t<\/label>\n\t\t\t\t\t\t\t\t\t\t\t\t\t\t<input size=\"1\" type=\"email\" name=\"form_fields[email]\" id=\"form-field-email\" class=\"elementor-field elementor-size-sm  elementor-field-textual\" placeholder=\"Email\" required=\"required\" aria-required=\"true\">\n\t\t\t\t\t\t\t\t\t\t\t<\/div>\n\t\t\t\t\t\t\t\t<div class=\"elementor-field-type-text elementor-field-group elementor-column elementor-field-group-field_557c404 elementor-col-100 elementor-field-required\">\n\t\t\t\t\t\t\t\t\t\t\t\t<label for=\"form-field-field_557c404\" class=\"elementor-field-label elementor-screen-only\">\n\t\t\t\t\t\t\t\tAssunto\t\t\t\t\t\t\t<\/label>\n\t\t\t\t\t\t\t\t\t\t\t\t\t\t<input size=\"1\" type=\"text\" name=\"form_fields[field_557c404]\" id=\"form-field-field_557c404\" class=\"elementor-field elementor-size-sm  elementor-field-textual\" placeholder=\"Assunto\" required=\"required\" aria-required=\"true\">\n\t\t\t\t\t\t\t\t\t\t\t<\/div>\n\t\t\t\t\t\t\t\t<div class=\"elementor-field-type-textarea elementor-field-group elementor-column elementor-field-group-message elementor-col-100 elementor-field-required\">\n\t\t\t\t\t\t\t\t\t\t\t\t<label for=\"form-field-message\" class=\"elementor-field-label elementor-screen-only\">\n\t\t\t\t\t\t\t\tMessage\t\t\t\t\t\t\t<\/label>\n\t\t\t\t\t\t<textarea class=\"elementor-field-textual elementor-field  elementor-size-sm\" name=\"form_fields[message]\" id=\"form-field-message\" rows=\"4\" placeholder=\"Mensagem\" required=\"required\" aria-required=\"true\"><\/textarea>\t\t\t\t<\/div>\n\t\t\t\t\t\t\t\t<div class=\"elementor-field-group elementor-column elementor-field-type-submit elementor-col-100 e-form__buttons\">\n\t\t\t\t\t<button type=\"submit\" class=\"elementor-button elementor-size-sm\">\n\t\t\t\t\t\t<span >\n\t\t\t\t\t\t\t\t\t\t\t\t\t\t\t<span class=\" elementor-button-icon\">\n\t\t\t\t\t\t\t\t\t\t\t\t\t\t\t\t\t\t\t\t\t\t\t\t\t\t<\/span>\n\t\t\t\t\t\t\t\t\t\t\t\t\t\t\t\t\t\t\t\t\t\t<span class=\"elementor-button-text\">ENVIAR<\/span>\n\t\t\t\t\t\t\t\t\t\t\t\t\t<\/span>\n\t\t\t\t\t<\/button>\n\t\t\t\t<\/div>\n\t\t\t<\/div>\n\t\t<\/form>\n\t\t\t\t<\/div>\n\t\t\t\t<\/div>\n\t\t\t\t\t<\/div>\n\t\t<\/div>\n\t\t\t\t\t<\/div>\n\t\t<\/section>\n\t\t\t\t\t<\/div>\n\t\t<\/div>\n\t\t\t\t\t<\/div>\n\t\t<\/section>\n\t\t\t\t<\/div>\n\t\t","protected":false},"excerpt":{"rendered":"<p>Entre em contato! O Grupo ABA Infra estimula seus colaboradores a atuar em de forma respons\u00e1vel, honesta e respeitosa. O objetivo da Ouvidoria \u00e9 atuar no constante aprimoramento do Grupo e de suas empresas, garantindo aos nossos diferentes p\u00fablicos um canal de comunica\u00e7\u00e3o que seja transparente e imparcial para o recebimento de elogios, d\u00favidas, sugest\u00f5es [&hellip;]<\/p>\n","protected":false},"author":2,"featured_media":0,"parent":0,"menu_order":0,"comment_status":"closed","ping_status":"closed","template":"","meta":{"footnotes":""},"acf":[],"yoast_head":"<!-- This site is optimized with the Yoast SEO plugin v23.5 - https:\/\/yoast.com\/wordpress\/plugins\/seo\/ -->\n<title>Ouvidoria - Adonai Qu\u00edmica<\/title>\n<meta name=\"robots\" content=\"index, follow, max-snippet:-1, max-image-preview:large, max-video-preview:-1\" \/>\n<link rel=\"canonical\" href=\"https:\/\/adonaiquimica.com.br\/adonai\/ouvidoria\/\" \/>\n<meta property=\"og:locale\" content=\"pt_BR\" \/>\n<meta property=\"og:type\" content=\"article\" \/>\n<meta property=\"og:title\" content=\"Ouvidoria - Adonai Qu\u00edmica\" \/>\n<meta property=\"og:description\" content=\"Entre em contato! O Grupo ABA Infra estimula seus colaboradores a atuar em de forma respons\u00e1vel, honesta e respeitosa. O objetivo da Ouvidoria \u00e9 atuar no constante aprimoramento do Grupo e de suas empresas, garantindo aos nossos diferentes p\u00fablicos um canal de comunica\u00e7\u00e3o que seja transparente e imparcial para o recebimento de elogios, d\u00favidas, sugest\u00f5es [&hellip;]\" \/>\n<meta property=\"og:url\" content=\"https:\/\/adonaiquimica.com.br\/adonai\/ouvidoria\/\" \/>\n<meta property=\"og:site_name\" content=\"Adonai Qu\u00edmica\" \/>\n<meta property=\"article:modified_time\" content=\"2025-06-16T17:51:31+00:00\" \/>\n<meta name=\"twitter:card\" content=\"summary_large_image\" \/>\n<meta name=\"twitter:label1\" content=\"Est. tempo de leitura\" \/>\n\t<meta name=\"twitter:data1\" content=\"2 minutos\" \/>\n<script type=\"application\/ld+json\" class=\"yoast-schema-graph\">{\"@context\":\"https:\/\/schema.org\",\"@graph\":[{\"@type\":\"WebPage\",\"@id\":\"https:\/\/adonaiquimica.com.br\/adonai\/ouvidoria\/\",\"url\":\"https:\/\/adonaiquimica.com.br\/adonai\/ouvidoria\/\",\"name\":\"Ouvidoria - Adonai Qu\u00edmica\",\"isPartOf\":{\"@id\":\"https:\/\/adonaiquimica.com.br\/adonai\/#website\"},\"datePublished\":\"2021-04-07T15:54:05+00:00\",\"dateModified\":\"2025-06-16T17:51:31+00:00\",\"breadcrumb\":{\"@id\":\"https:\/\/adonaiquimica.com.br\/adonai\/ouvidoria\/#breadcrumb\"},\"inLanguage\":\"pt-BR\",\"potentialAction\":[{\"@type\":\"ReadAction\",\"target\":[\"https:\/\/adonaiquimica.com.br\/adonai\/ouvidoria\/\"]}]},{\"@type\":\"BreadcrumbList\",\"@id\":\"https:\/\/adonaiquimica.com.br\/adonai\/ouvidoria\/#breadcrumb\",\"itemListElement\":[{\"@type\":\"ListItem\",\"position\":1,\"name\":\"In\u00edcio\",\"item\":\"https:\/\/adonaiquimica.com.br\/adonai\/\"},{\"@type\":\"ListItem\",\"position\":2,\"name\":\"Ouvidoria\"}]},{\"@type\":\"WebSite\",\"@id\":\"https:\/\/adonaiquimica.com.br\/adonai\/#website\",\"url\":\"https:\/\/adonaiquimica.com.br\/adonai\/\",\"name\":\"Adonai Qu\u00edmica\",\"description\":\"Terminal de L\u00edquidos no Porto de Santos\",\"potentialAction\":[{\"@type\":\"SearchAction\",\"target\":{\"@type\":\"EntryPoint\",\"urlTemplate\":\"https:\/\/adonaiquimica.com.br\/adonai\/?s={search_term_string}\"},\"query-input\":{\"@type\":\"PropertyValueSpecification\",\"valueRequired\":true,\"valueName\":\"search_term_string\"}}],\"inLanguage\":\"pt-BR\"}]}<\/script>\n<!-- \/ Yoast SEO plugin. -->","yoast_head_json":{"title":"Ouvidoria - Adonai Qu\u00edmica","robots":{"index":"index","follow":"follow","max-snippet":"max-snippet:-1","max-image-preview":"max-image-preview:large","max-video-preview":"max-video-preview:-1"},"canonical":"https:\/\/adonaiquimica.com.br\/adonai\/ouvidoria\/","og_locale":"pt_BR","og_type":"article","og_title":"Ouvidoria - Adonai Qu\u00edmica","og_description":"Entre em contato! O Grupo ABA Infra estimula seus colaboradores a atuar em de forma respons\u00e1vel, honesta e respeitosa. O objetivo da Ouvidoria \u00e9 atuar no constante aprimoramento do Grupo e de suas empresas, garantindo aos nossos diferentes p\u00fablicos um canal de comunica\u00e7\u00e3o que seja transparente e imparcial para o recebimento de elogios, d\u00favidas, sugest\u00f5es [&hellip;]","og_url":"https:\/\/adonaiquimica.com.br\/adonai\/ouvidoria\/","og_site_name":"Adonai Qu\u00edmica","article_modified_time":"2025-06-16T17:51:31+00:00","twitter_card":"summary_large_image","twitter_misc":{"Est. tempo de leitura":"2 minutos"},"schema":{"@context":"https:\/\/schema.org","@graph":[{"@type":"WebPage","@id":"https:\/\/adonaiquimica.com.br\/adonai\/ouvidoria\/","url":"https:\/\/adonaiquimica.com.br\/adonai\/ouvidoria\/","name":"Ouvidoria - Adonai Qu\u00edmica","isPartOf":{"@id":"https:\/\/adonaiquimica.com.br\/adonai\/#website"},"datePublished":"2021-04-07T15:54:05+00:00","dateModified":"2025-06-16T17:51:31+00:00","breadcrumb":{"@id":"https:\/\/adonaiquimica.com.br\/adonai\/ouvidoria\/#breadcrumb"},"inLanguage":"pt-BR","potentialAction":[{"@type":"ReadAction","target":["https:\/\/adonaiquimica.com.br\/adonai\/ouvidoria\/"]}]},{"@type":"BreadcrumbList","@id":"https:\/\/adonaiquimica.com.br\/adonai\/ouvidoria\/#breadcrumb","itemListElement":[{"@type":"ListItem","position":1,"name":"In\u00edcio","item":"https:\/\/adonaiquimica.com.br\/adonai\/"},{"@type":"ListItem","position":2,"name":"Ouvidoria"}]},{"@type":"WebSite","@id":"https:\/\/adonaiquimica.com.br\/adonai\/#website","url":"https:\/\/adonaiquimica.com.br\/adonai\/","name":"Adonai Qu\u00edmica","description":"Terminal de L\u00edquidos no Porto de Santos","potentialAction":[{"@type":"SearchAction","target":{"@type":"EntryPoint","urlTemplate":"https:\/\/adonaiquimica.com.br\/adonai\/?s={search_term_string}"},"query-input":{"@type":"PropertyValueSpecification","valueRequired":true,"valueName":"search_term_string"}}],"inLanguage":"pt-BR"}]}},"_links":{"self":[{"href":"https:\/\/adonaiquimica.com.br\/adonai\/wp-json\/wp\/v2\/pages\/3115"}],"collection":[{"href":"https:\/\/adonaiquimica.com.br\/adonai\/wp-json\/wp\/v2\/pages"}],"about":[{"href":"https:\/\/adonaiquimica.com.br\/adonai\/wp-json\/wp\/v2\/types\/page"}],"author":[{"embeddable":true,"href":"https:\/\/adonaiquimica.com.br\/adonai\/wp-json\/wp\/v2\/users\/2"}],"replies":[{"embeddable":true,"href":"https:\/\/adonaiquimica.com.br\/adonai\/wp-json\/wp\/v2\/comments?post=3115"}],"version-history":[{"count":40,"href":"https:\/\/adonaiquimica.com.br\/adonai\/wp-json\/wp\/v2\/pages\/3115\/revisions"}],"predecessor-version":[{"id":21303,"href":"https:\/\/adonaiquimica.com.br\/adonai\/wp-json\/wp\/v2\/pages\/3115\/revisions\/21303"}],"wp:attachment":[{"href":"https:\/\/adonaiquimica.com.br\/adonai\/wp-json\/wp\/v2\/media?parent=3115"}],"curies":[{"name":"wp","href":"https:\/\/api.w.org\/{rel}","templated":true}]}}